{"id":155,"date":"2019-01-04T11:40:54","date_gmt":"2019-01-04T11:40:54","guid":{"rendered":"https:\/\/wp-test.jossfritzschule.de\/?page_id=155"},"modified":"2020-10-15T13:06:16","modified_gmt":"2020-10-15T13:06:16","slug":"schuelerrat-der-joss-fritz-grundschule","status":"publish","type":"page","link":"https:\/\/www.jossfritzschule.de\/gs\/schule\/schuelerrat-der-joss-fritz-grundschule\/","title":{"rendered":"Sch\u00fclerrat der Jo\u00df-Fritz-Grundschule"},"content":{"rendered":"<section class=\"l-section wpb_row height_small\"><div class=\"l-section-h i-cf\"><div class=\"g-cols vc_row via_flex valign_top type_default stacking_default\"><div class=\"vc_col-sm-12 wpb_column vc_column_container\"><div class=\"vc_column-inner\"><div class=\"wpb_wrapper\"><div class=\"wpb_text_column\"><div class=\"wpb_wrapper\"><h3>Sch\u00fclerrat der Jo\u00df- Fritz- Grundschule<\/h3>\n<\/div><\/div><\/div><\/div><\/div><\/div><\/div><\/section><section class=\"l-section wpb_row height_small\"><div class=\"l-section-h i-cf\"><div class=\"g-cols vc_row via_flex valign_top type_default stacking_default\"><div class=\"vc_col-sm-12 wpb_column vc_column_container\"><div class=\"vc_column-inner\"><div class=\"wpb_wrapper\"><div class=\"wpb_text_column\"><div class=\"wpb_wrapper\"><p>Zu der Entwicklung einer demokratischen Verhaltensweise in der Grundschule geh\u00f6rt die Wahl der Klassensprecherin und des Klassensprechers. Diese werden in den 2., 3. und 4. Klassen in den ersten 4 Wochen des neuen Schuljahres gew\u00e4hlt. Sie \u00fcbernehmen verschiedene Aufgaben innerhalb des Klassenverbandes, die zuvor von der Klassenlehrerin bzw. dem Klassenlehrer und den Kindern bestimmt wurden. Eine weitere Aufgabe der Klassensprecherinnen und Klassensprecher besteht in der Vertretung ihrer Mitsch\u00fcler im klassen\u00fcbergreifenden Sch\u00fclerrat. Hier lernen die Sprecherinnen und Sprecher ihre Klasse zu vertreten und k\u00f6nnen im Interesse der Schulgemeinschaft Vorschl\u00e4ge einbringen und gemeinsam nach L\u00f6sungen suchen.<br \/>\nDas Mitarbeiten im Sch\u00fclerrat regt ein Mitdenken, Mitreden und Mitentscheiden an, welches durch den\/die Ansprechpartner \/-partnerin (Lehrperson) des Sch\u00fclerrats begleitet und in umsetzbare Entschl\u00fcsse gelenkt wird.<\/p>\n<\/div><\/div><\/div><\/div><\/div><\/div><\/div><\/section><section class=\"l-section wpb_row height_small\"><div class=\"l-section-h i-cf\"><div class=\"g-cols vc_row via_flex valign_top type_default stacking_default\"><div class=\"vc_col-sm-4 wpb_column vc_column_container\"><div class=\"vc_column-inner\"><div class=\"wpb_wrapper\"><div class=\"w-iconbox iconpos_top style_circle color_primary align_center no_text\"><div class=\"w-iconbox-icon\" style=\"font-size:2rem;\"><i class=\"fas fa-users\"><\/i><\/div><div class=\"w-iconbox-meta\"><h3 class=\"w-iconbox-title\">Der Sch\u00fclerrat<\/h3><\/div><\/div><div class=\"wpb_text_column\"><div class=\"wpb_wrapper\"><p>Zum Rat geh\u00f6ren alle Klassensprecherinnen und Klassensprecher sowie deren Vertreter der 2., 3. und 4. Klassen.<br \/>\nDer Sch\u00fclerrat trifft sich regelm\u00e4\u00dfig zu einer einst\u00fcndigen Versammlung, auf der wichtige Themen besprochen werden.<\/p>\n<\/div><\/div><\/div><\/div><\/div><div class=\"vc_col-sm-4 wpb_column vc_column_container\"><div class=\"vc_column-inner\"><div class=\"wpb_wrapper\"><div class=\"w-iconbox iconpos_top style_circle color_secondary align_center no_text\"><div class=\"w-iconbox-icon\" style=\"font-size:2rem;\"><i class=\"fas fa-tasks\"><\/i><\/div><div class=\"w-iconbox-meta\"><h3 class=\"w-iconbox-title\">Aufgaben<\/h3><\/div><\/div><div class=\"wpb_text_column\"><div class=\"wpb_wrapper\"><p>Der Sch\u00fclerrat vertritt die Interessen der Schulgemeinschaft, indem er:<\/p>\n<ul>\n<li>eigene Ideen zur Verbesserung des Schullebens einbringt<\/li>\n<\/ul>\n<ul>\n<li>klassen\u00fcbergreifende Probleme anspricht, diskutiert und versucht, L\u00f6sungen zu finden<\/li>\n<\/ul>\n<ul>\n<li>sich um ein konstruktives Zusammenleben in der Schulgemeinschaft bem\u00fcht<\/li>\n<\/ul>\n<ul>\n<li>bei wichtigen Themen mitredet, wie z.B. Anschaffung neuer Pausenspiele<\/li>\n<\/ul>\n<ul>\n<li>in den Klassen vom Sch\u00fclerrat berichtet<\/li>\n<\/ul>\n<p>Die Informationsweitergabe an die Klasse 1 erfolgt durch die Klassensprecherinnen und Klassensprecher der Patenklassen.<\/p>\n<\/div><\/div><\/div><\/div><\/div><div class=\"vc_col-sm-4 wpb_column vc_column_container\"><div class=\"vc_column-inner\"><div class=\"wpb_wrapper\"><div class=\"w-iconbox iconpos_top style_circle color_custom align_center no_text\"><div class=\"w-iconbox-icon\" style=\"font-size:2rem;--icon-color:#ffffff;--icon-bg-color:#8accc7;\"><i class=\"fas fa-person-booth\"><\/i><\/div><div class=\"w-iconbox-meta\"><h3 class=\"w-iconbox-title\">Wahlen<\/h3><\/div><\/div><div class=\"wpb_text_column\"><div class=\"wpb_wrapper\"><p>Der Sch\u00fclerrat w\u00e4hlt zu Beginn eines Schuljahres aus seiner Mitte einen Schulsprecher und eine Schulsprecherin f\u00fcr ein Schuljahr.<\/p>\n<\/div><\/div><\/div><\/div><\/div><\/div><\/div><\/section><section class=\"l-section wpb_row height_small\"><div class=\"l-section-h i-cf\"><div class=\"g-cols vc_row via_flex valign_top type_default stacking_default\"><div class=\"vc_col-sm-4 wpb_column vc_column_container\"><div class=\"vc_column-inner\"><div class=\"wpb_wrapper\"><div class=\"w-iconbox iconpos_top style_circle color_primary align_center no_text\"><div class=\"w-iconbox-icon\" style=\"font-size:2rem;\"><i class=\"fas fa-user-circle\"><\/i><\/div><div class=\"w-iconbox-meta\"><h3 class=\"w-iconbox-title\">Der Schulsprecher und die Schulsprecherin<\/h3><\/div><\/div><div class=\"wpb_text_column\"><div class=\"wpb_wrapper\"><ul>\n<li>Der Schulsprecher und die Schulsprecherin tragen bei Bedarf die W\u00fcnsche und Anregungen des Sch\u00fclerrats dem Lehrerkollegium und der Elternschaft vor.<\/li>\n<\/ul>\n<ul>\n<li>Der Schulsprecher und die Schulsprecherin informieren bei Bedarf \u00fcber die Arbeit des Sch\u00fclerrates.<\/li>\n<\/ul>\n<ul>\n<li>Der Schulsprecher und die Schulsprecherin vertreten die Sch\u00fclerschaft der Jo\u00df-Fritz-Grundschule bei offiziellen Veranstaltungen ( z. B. bei&nbsp;schulischen Veranstaltungen wie Schulfeste, Verabschiedungen o.\u00e4. )<\/li>\n<\/ul>\n<\/div><\/div><\/div><\/div><\/div><div class=\"vc_col-sm-4 wpb_column vc_column_container\"><div class=\"vc_column-inner\"><div class=\"wpb_wrapper\"><div class=\"w-iconbox iconpos_top style_circle color_secondary align_center no_text\"><div class=\"w-iconbox-icon\" style=\"font-size:2rem;\"><i class=\"fas fa-bullseye\"><\/i><\/div><div class=\"w-iconbox-meta\"><h3 class=\"w-iconbox-title\">Ziele des Sch\u00fclerrats<\/h3><\/div><\/div><div class=\"wpb_text_column\"><div class=\"wpb_wrapper\"><p>Die Sch\u00fcler und Sch\u00fclerinnen sollen:<\/p>\n<ul>\n<li>\u00fcber soziale Prozesse in ihrem Schulleben reflektieren lernen.<\/li>\n<\/ul>\n<ul>\n<li>eigene Ideen entwickeln, welche M\u00f6glichkeiten der Verantwortungs\u00fcbernahme es an ihrer Schule gibt.<\/li>\n<\/ul>\n<ul>\n<li>angeregt werden, selbst Verantwortung zu \u00fcbernehmen und erste demokratische Entscheidungsprozesse bewusst miterleben.<\/li>\n<\/ul>\n<\/div><\/div><\/div><\/div><\/div><div class=\"vc_col-sm-4 wpb_column vc_column_container\"><div class=\"vc_column-inner\"><div class=\"wpb_wrapper\"><div class=\"w-iconbox iconpos_top style_circle color_custom align_center no_text\"><div class=\"w-iconbox-icon\" style=\"font-size:2rem;--icon-color:#ffffff;--icon-bg-color:#8accc7;\"><i class=\"fas fa-arrows-alt-h\"><\/i><\/div><div class=\"w-iconbox-meta\"><h3 class=\"w-iconbox-title\">Sch\u00fclerrat &#8211; Verbindungslehrer<\/h3><\/div><\/div><div class=\"wpb_text_column\"><div class=\"wpb_wrapper\"><p>Der Sch\u00fclerrat w\u00e4hlt zu Beginn des zweiten Schulhalbjahres zwei Lehrkr\u00e4fte f\u00fcr ein Schuljahr, die die folgenden Sitzungen leiten und Antr\u00e4ge der Sch\u00fclerschaft dem Kollegium vorstellen.<\/p>\n<\/div><\/div><\/div><\/div><\/div><\/div><\/div><\/section>\n","protected":false},"excerpt":{"rendered":"Sch\u00fclerrat der Jo\u00df- Fritz- Grundschule Zu der Entwicklung einer demokratischen Verhaltensweise in der Grundschule geh\u00f6rt die Wahl der Klassensprecherin und des Klassensprechers. Diese werden in den 2., 3. und 4. Klassen in den ersten 4 Wochen des neuen Schuljahres gew\u00e4hlt. Sie \u00fcbernehmen verschiedene Aufgaben innerhalb des Klassenverbandes, die zuvor von der Klassenlehrerin bzw. dem Klassenlehrer...","protected":false},"author":2,"featured_media":0,"parent":51,"menu_order":195,"comment_status":"closed","ping_status":"closed","template":"","meta":{"ngg_post_thumbnail":0,"footnotes":""},"class_list":["post-155","page","type-page","status-publish","hentry"],"post_mailing_queue_ids":[],"_links":{"self":[{"href":"https:\/\/www.jossfritzschule.de\/gs\/wp-json\/wp\/v2\/pages\/155","targetHints":{"allow":["GET"]}}],"collection":[{"href":"https:\/\/www.jossfritzschule.de\/gs\/wp-json\/wp\/v2\/pages"}],"about":[{"href":"https:\/\/www.jossfritzschule.de\/gs\/wp-json\/wp\/v2\/types\/page"}],"author":[{"embeddable":true,"href":"https:\/\/www.jossfritzschule.de\/gs\/wp-json\/wp\/v2\/users\/2"}],"replies":[{"embeddable":true,"href":"https:\/\/www.jossfritzschule.de\/gs\/wp-json\/wp\/v2\/comments?post=155"}],"version-history":[{"count":14,"href":"https:\/\/www.jossfritzschule.de\/gs\/wp-json\/wp\/v2\/pages\/155\/revisions"}],"predecessor-version":[{"id":1520,"href":"https:\/\/www.jossfritzschule.de\/gs\/wp-json\/wp\/v2\/pages\/155\/revisions\/1520"}],"up":[{"embeddable":true,"href":"https:\/\/www.jossfritzschule.de\/gs\/wp-json\/wp\/v2\/pages\/51"}],"wp:attachment":[{"href":"https:\/\/www.jossfritzschule.de\/gs\/wp-json\/wp\/v2\/media?parent=155"}],"curies":[{"name":"wp","href":"https:\/\/api.w.org\/{rel}","templated":true}]}}