{"id":166,"date":"2019-01-04T08:55:30","date_gmt":"2019-01-04T08:55:30","guid":{"rendered":"https:\/\/wp-test.jossfritzschule.de\/?page_id=166"},"modified":"2025-10-06T18:17:47","modified_gmt":"2025-10-06T18:17:47","slug":"jugendbegleiter","status":"publish","type":"page","link":"https:\/\/www.jossfritzschule.de\/gs\/ganztagsschule\/jugendbegleiter\/","title":{"rendered":"Nachmittagsangebote"},"content":{"rendered":"<section class=\"l-section wpb_row height_small\"><div class=\"l-section-h i-cf\"><div class=\"g-cols vc_row via_flex valign_top type_default stacking_default\"><div class=\"vc_col-sm-12 wpb_column vc_column_container\"><div class=\"vc_column-inner\"><div class=\"wpb_wrapper\"><div class=\"wpb_text_column\"><div class=\"wpb_wrapper\"><h2>Nachmittagsangebote&nbsp;<\/h2>\n<p>Lesen, Kunst, Theater, Sport und unser Grundschulchor- zusammen mit den bew\u00e4hrten Kooperationen der ortsans\u00e4ssigen Vereinen, der MuKS, unseren JugendbegleiterInnen und Lehrkr\u00e4ften haben die Ganztageskinder ein vielf\u00e4ltiges Angebot f\u00fcr den Nachmittag.<\/p>\n<\/div><\/div><\/div><\/div><\/div><\/div><\/div><\/section><section class=\"l-section wpb_row height_small\"><div class=\"l-section-h i-cf\"><div class=\"g-cols vc_row via_flex valign_top type_default stacking_default\"><div class=\"vc_col-sm-4 wpb_column vc_column_container\"><div class=\"vc_column-inner\"><div class=\"wpb_wrapper\"><div class=\"w-popup w-btn-wrapper align_none\"><button aria-label=\"Chor\" class=\"w-popup-trigger type_btn w-btn us-btn-style_1\"><span class=\"w-btn-label\">Chor<\/span><\/button><div class=\"w-popup-overlay\" style=\"background:rgba(0,0,0,0.85);\"><\/div><div class=\"w-popup-wrap\" style=\"--title-color:var(--color-content-heading);--title-bg-color:var(--color-content-bg-alt);--content-color:var(--color-content-text);--content-bg-color:var(--color-content-bg)\"><div class=\"w-popup-box animation_fadeIn closerpos_outside with_title\" style=\"width:600px;\"><div class=\"w-popup-box-h\"><div class=\"w-popup-box-title\">Chor (M. Herkert)<\/div><div class=\"w-popup-box-content\" style=\"padding:5%;\"><p>Jeden Montag probt der Chor,<br \/>\nbereitet sich auf den n\u00e4chsten Auftritt vor.<\/p>\n<\/div><\/div><\/div><div class=\"w-popup-closer\"><\/div><\/div><\/div><\/div><\/div><\/div><div class=\"vc_col-sm-4 wpb_column vc_column_container\"><div class=\"vc_column-inner\"><div class=\"wpb_wrapper\"><div class=\"w-popup w-btn-wrapper align_none\"><button aria-label=\"Bl\u00e4ser- Klasse\" class=\"w-popup-trigger type_btn w-btn us-btn-style_1\"><span class=\"w-btn-label\">Bl\u00e4ser- Klasse<\/span><\/button><div class=\"w-popup-overlay\" style=\"background:rgba(0,0,0,0.85);\"><\/div><div class=\"w-popup-wrap\" style=\"--title-color:var(--color-content-heading);--title-bg-color:var(--color-content-bg-alt);--content-color:var(--color-content-text);--content-bg-color:var(--color-content-bg)\"><div class=\"w-popup-box animation_fadeIn closerpos_outside with_title\" style=\"width:600px;\"><div class=\"w-popup-box-h\"><div class=\"w-popup-box-title\">Bl\u00e4ser- Klasse<\/div><div class=\"w-popup-box-content\" style=\"padding:5%;\"><p>Die Leitung der Bl\u00e4serklasse hat Rektor David Ha\u00df der einmal pro Woche eine Orchesterprobe mit den jungen Musikerinnen und Musikern durchf\u00fchrt.Jeden Freitag findet der Musikunterricht durch Lehrkr\u00e4fte der Kunst- und Musikschule Bruchsal statt. Die Kinder lernen hier nicht nur ihr Instrument, sondern auch, im Team zu spielen und gemeinsam St\u00fccke zu erarbeiten.&nbsp;<\/p>\n<p>Das Projekt ist auf zwei Jahre angelegt und wird von Rektor David Ha\u00df, der auch Dirigenten des Musikvereins ist, &nbsp;betreut. Mehrmals im Jahr stellen die Kinder ihr K\u00f6nnen bei kleinen Auftritten unter Beweis und sammeln so erste B\u00fchnenerfahrungen.<\/p>\n<p>Wir freuen uns, dass durch die Kooperation zwischen Schule und Verein den Sch\u00fclerinnen und Sch\u00fclern diese besondere musikalische F\u00f6rderung erm\u00f6glicht wird!<\/p>\n<\/div><\/div><\/div><div class=\"w-popup-closer\"><\/div><\/div><\/div><\/div><\/div><\/div><div class=\"vc_col-sm-4 wpb_column vc_column_container\"><div class=\"vc_column-inner\"><div class=\"wpb_wrapper\"><div class=\"w-popup w-btn-wrapper align_none\"><button aria-label=\"Theater- AG\" class=\"w-popup-trigger type_btn w-btn us-btn-style_1\"><span class=\"w-btn-label\">Theater- AG<\/span><\/button><div class=\"w-popup-overlay\" style=\"background:rgba(0,0,0,0.85);\"><\/div><div class=\"w-popup-wrap\" style=\"--title-color:var(--color-content-heading);--title-bg-color:var(--color-content-bg-alt);--content-color:var(--color-content-text);--content-bg-color:var(--color-content-bg)\"><div class=\"w-popup-box animation_fadeIn closerpos_outside with_title\" style=\"width:600px;\"><div class=\"w-popup-box-h\"><div class=\"w-popup-box-title\">Theater- AG<\/div><div class=\"w-popup-box-content\" style=\"padding:5%;\"><p style=\"text-align: center;\">In der Theater AG lernen wir nicht nur Texte auswendig, sondern besch\u00e4ftigen uns mit vielen Dingen, die wir auf der B\u00fchne (oder im Leben) brauchen. Wir starten mit Konzentrations- und Wahrnehmungs\u00fcbungen, besch\u00e4ftigen uns mit unserem K\u00f6rper&nbsp;und tasten uns \u00fcber Improvisationstheater an das Schauspiel heran. Auch die Stimmbildung gucken wir uns spielerisch an, bauen lustige Zungenbrecher in unser Warm Up ein und schlussendlich erproben wir all das in Theaterst\u00fcckproben, entweder zu Klassikern oder selbst geschriebenen St\u00fccken. Die Ideen der Kinder greife ich auf und entwickle daraus B\u00fchnenf\u00e4hige Szenen\/ St\u00fccke. Mit Musik und Tanz und anderen theatralen Mitteln (z.B. chorisches Sprechen) wird jede Auff\u00fchrung zu einer tollen Erfahrung f\u00fcr das Publikum, sowie den Spielenden. Wir wachsen miteinander, \u00fcber uns hinaus.<img loading=\"lazy\" decoding=\"async\" class=\"alignnone size-medium wp-image-3940\" src=\"https:\/\/www.jossfritzschule.de\/gs\/wp-content\/uploads\/2024\/12\/Theater-Ag-300x232.jpg\" alt=\"\" width=\"300\" height=\"232\" srcset=\"https:\/\/www.jossfritzschule.de\/gs\/wp-content\/uploads\/2024\/12\/Theater-Ag-300x232.jpg 300w, https:\/\/www.jossfritzschule.de\/gs\/wp-content\/uploads\/2024\/12\/Theater-Ag.jpg 588w\" sizes=\"auto, (max-width: 300px) 100vw, 300px\" \/><\/p>\n<\/div><\/div><\/div><div class=\"w-popup-closer\"><\/div><\/div><\/div><\/div><\/div><\/div><\/div><\/div><\/section><section class=\"l-section wpb_row height_small\"><div class=\"l-section-h i-cf\"><div class=\"g-cols vc_row via_flex valign_top type_default stacking_default\"><div class=\"vc_col-sm-4 wpb_column vc_column_container\"><div class=\"vc_column-inner\"><div class=\"wpb_wrapper\"><div class=\"w-popup w-btn-wrapper align_none\"><button aria-label=\"Schwimmen\" class=\"w-popup-trigger type_btn w-btn us-btn-style_1\"><span class=\"w-btn-label\">Schwimmen<\/span><\/button><div class=\"w-popup-overlay\" style=\"background:rgba(0,0,0,0.85);\"><\/div><div class=\"w-popup-wrap\" style=\"--title-color:var(--color-content-heading);--title-bg-color:var(--color-content-bg-alt);--content-color:var(--color-content-text);--content-bg-color:var(--color-content-bg)\"><div class=\"w-popup-box animation_fadeIn closerpos_outside with_title\" style=\"width:600px;\"><div class=\"w-popup-box-h\"><div class=\"w-popup-box-title\">Schwimmen<\/div><div class=\"w-popup-box-content\" style=\"padding:5%;\"><p>In der Schwimm-AG f\u00fcr die 3. Klasse k\u00f6nnen Kinder mit und ohne Vorkenntnisse gemeinsam Schwimmen lernen und ihre F\u00e4higkeiten verbessern. Spielerisch und mit viel Spa\u00df erlernen Anf\u00e4nger die Grundlagen wie Wassersicherheit, Tauchen und die ersten Schwimmz\u00fcge. Fortgeschrittene k\u00f6nnen ihre Technik in verschiedenen Schwimmarten vertiefen und kleine Herausforderungen meistern. Mit abwechslungsreichen Spielen, \u00dcbungen und Wettk\u00e4mpfen wird das Wasser zum Erlebnisraum, in dem Bewegung, Sicherheit und Freude im Vordergrund stehen. Das Ziel: Selbstsicher schwimmen k\u00f6nnen und dabei jede Menge Spa\u00df haben!<\/p>\n<\/div><\/div><\/div><div class=\"w-popup-closer\"><\/div><\/div><\/div><\/div><\/div><\/div><div class=\"vc_col-sm-4 wpb_column vc_column_container\"><div class=\"vc_column-inner\"><div class=\"wpb_wrapper\"><div class=\"w-popup w-btn-wrapper align_none\"><button aria-label=\"Kunst -AG\" class=\"w-popup-trigger type_btn w-btn us-btn-style_1\"><span class=\"w-btn-label\">Kunst -AG<\/span><\/button><div class=\"w-popup-overlay\" style=\"background:rgba(0,0,0,0.85);\"><\/div><div class=\"w-popup-wrap\" style=\"--title-color:var(--color-content-heading);--title-bg-color:var(--color-content-bg-alt);--content-color:var(--color-content-text);--content-bg-color:var(--color-content-bg)\"><div class=\"w-popup-box animation_fadeIn closerpos_outside with_title\" style=\"width:600px;\"><div class=\"w-popup-box-h\"><div class=\"w-popup-box-title\">Kunst- AG<\/div><div class=\"w-popup-box-content\" style=\"padding:5%;\"><p>In der Kunst-AG wird getont, gemalt, gezeichnet, gedruckt, gebastelt&#8230;die Kinder lernen hier die unterschiedlichsten Materialien und Fertigkeiten kennen, um sich vielf\u00e4ltig k\u00fcnstlerisch ausdr\u00fccken zu k\u00f6nnen.<\/p>\n<\/div><\/div><\/div><div class=\"w-popup-closer\"><\/div><\/div><\/div><\/div><\/div><\/div><div class=\"vc_col-sm-4 wpb_column vc_column_container\"><div class=\"vc_column-inner\"><div class=\"wpb_wrapper\"><div class=\"w-popup w-btn-wrapper align_none\"><button aria-label=\"Geschichten &amp; B\u00fccher gestalten\" class=\"w-popup-trigger type_btn w-btn us-btn-style_1\"><span class=\"w-btn-label\">Geschichten &amp; B\u00fccher gestalten<\/span><\/button><div class=\"w-popup-overlay\" style=\"background:rgba(0,0,0,0.85);\"><\/div><div class=\"w-popup-wrap\" style=\"--title-color:var(--color-content-heading);--title-bg-color:var(--color-content-bg-alt);--content-color:var(--color-content-text);--content-bg-color:var(--color-content-bg)\"><div class=\"w-popup-box animation_fadeIn closerpos_outside with_title\" style=\"width:600px;\"><div class=\"w-popup-box-h\"><div class=\"w-popup-box-title\">Geschichten &amp; B\u00fccher gestalten<\/div><div class=\"w-popup-box-content\" style=\"padding:5%;\"><p>Wir schm\u00f6kern in altersgem\u00e4\u00dfen und anspruchsvollen Bilderb\u00fcchern. Dazu wird anschlie\u00dfend gemalt und gebastelt.<\/p>\n<\/div><\/div><\/div><div class=\"w-popup-closer\"><\/div><\/div><\/div><\/div><\/div><\/div><\/div><\/div><\/section><section class=\"l-section wpb_row height_small\"><div class=\"l-section-h i-cf\"><div class=\"g-cols vc_row via_flex valign_top type_default stacking_default\"><div class=\"vc_col-sm-4 wpb_column vc_column_container\"><div class=\"vc_column-inner\"><div class=\"wpb_wrapper\"><div class=\"w-popup w-btn-wrapper align_none\"><button aria-label=\"Monster- AG\" class=\"w-popup-trigger type_btn w-btn us-btn-style_1\"><span class=\"w-btn-label\">Monster- AG<\/span><\/button><div class=\"w-popup-overlay\" style=\"background:rgba(0,0,0,0.85);\"><\/div><div class=\"w-popup-wrap\" style=\"--title-color:var(--color-content-heading);--title-bg-color:var(--color-content-bg-alt);--content-color:var(--color-content-text);--content-bg-color:var(--color-content-bg)\"><div class=\"w-popup-box animation_fadeIn closerpos_outside with_title\" style=\"width:600px;\"><div class=\"w-popup-box-h\"><div class=\"w-popup-box-title\">Monster- AG<\/div><div class=\"w-popup-box-content\" style=\"padding:5%;\"><p>Tief in unserem Herzen haben ganz viele Gef\u00fchle ihr Zuhause. Sie alle, sch\u00f6ne und h\u00e4ssliche, laute und stille, wollen von uns geh\u00f6rt und akzeptiert werden. Die Gef\u00fchlsmonster helfen uns, unser Verhalten besser zu verstehen und zu steuern. In der Monster-AG lernen wir unsere Gef\u00fchlsmonster kennen und lernen mit ihnen umzugehen. Wir gestalten sie aus verschiedenen Materialien, erleben sie in gemeinsamen Spielen und suchen sie in Geschichten. Wir stellen zusammen Gl\u00fccksmonstertrank her, w\u00e4hlen die Zutaten dazu, die uns ein bisschen gl\u00fccklicher machen.<\/p>\n<p><img loading=\"lazy\" decoding=\"async\" class=\"alignnone size-medium wp-image-3939 aligncenter\" src=\"https:\/\/www.jossfritzschule.de\/gs\/wp-content\/uploads\/2024\/12\/gefuehlsmosnter-300x225.jpg\" alt=\"\" width=\"300\" height=\"225\" srcset=\"https:\/\/www.jossfritzschule.de\/gs\/wp-content\/uploads\/2024\/12\/gefuehlsmosnter-300x225.jpg 300w, https:\/\/www.jossfritzschule.de\/gs\/wp-content\/uploads\/2024\/12\/gefuehlsmosnter-1024x768.jpg 1024w, https:\/\/www.jossfritzschule.de\/gs\/wp-content\/uploads\/2024\/12\/gefuehlsmosnter.jpg 1920w\" sizes=\"auto, (max-width: 300px) 100vw, 300px\" \/><\/p>\n<\/div><\/div><\/div><div class=\"w-popup-closer\"><\/div><\/div><\/div><\/div><\/div><\/div><div class=\"vc_col-sm-4 wpb_column vc_column_container\"><div class=\"vc_column-inner\"><div class=\"wpb_wrapper\"><div class=\"w-popup w-btn-wrapper align_none\"><button aria-label=\"Medien- AG\" class=\"w-popup-trigger type_btn w-btn us-btn-style_1\"><span class=\"w-btn-label\">Medien- AG<\/span><\/button><div class=\"w-popup-overlay\" style=\"background:rgba(0,0,0,0.85);\"><\/div><div class=\"w-popup-wrap\" style=\"--title-color:var(--color-content-heading);--title-bg-color:var(--color-content-bg-alt);--content-color:var(--color-content-text);--content-bg-color:var(--color-content-bg)\"><div class=\"w-popup-box animation_fadeIn closerpos_outside with_title\" style=\"width:600px;\"><div class=\"w-popup-box-h\"><div class=\"w-popup-box-title\">Medien<\/div><div class=\"w-popup-box-content\" style=\"padding:5%;\"><p>&nbsp;<\/p>\n<p>In der Medien- AG arbeiten wir kreativ mit dem iPad und entdecken zusammen die M\u00f6glichkeiten der digitalen Welt. Wir denken uns eigene Bildergeschichten und Comics aus und drehen mit Knete, Lego oder Playmobil&nbsp; Stop-Motion-Filme.<br \/>\nWir programmieren mit Scratch Animationen und unser eigenes Spiel. In Kooperation mit dem Zukunftslabor Bruchsal und der Auerbach- Stiftung werden wir im Bereich der Robotik spannende Dinge ausprobieren.&nbsp;<\/p>\n<\/div><\/div><\/div><div class=\"w-popup-closer\"><\/div><\/div><\/div><\/div><\/div><\/div><div class=\"vc_col-sm-4 wpb_column vc_column_container\"><div class=\"vc_column-inner\"><div class=\"wpb_wrapper\"><div class=\"w-popup w-btn-wrapper align_none\"><button aria-label=\"Stop- Motion- Filme\" class=\"w-popup-trigger type_btn w-btn us-btn-style_1\"><span class=\"w-btn-label\">Stop- Motion- Filme<\/span><\/button><div class=\"w-popup-overlay\" style=\"background:rgba(0,0,0,0.85);\"><\/div><div class=\"w-popup-wrap\" style=\"--title-color:var(--color-content-heading);--title-bg-color:var(--color-content-bg-alt);--content-color:var(--color-content-text);--content-bg-color:var(--color-content-bg)\"><div class=\"w-popup-box animation_fadeIn closerpos_outside with_title\" style=\"width:600px;\"><div class=\"w-popup-box-h\"><div class=\"w-popup-box-title\">Stop- Motion AG<\/div><div class=\"w-popup-box-content\" style=\"padding:5%;\"><p><span data-olk-copy-source=\"MessageBody\">In der Stop-Motion-AG werden wir selbst unsere eigenen kurzen Filme erstellen. Mit der Hilfe von Figuren oder Allt\u00e4glichem k\u00f6nnen verschiedene Geschichten erz\u00e4hlt und Ideen umgesetzt werden. Dem kreativen Handeln sind hierbei keine Grenzen gesetzt.<img loading=\"lazy\" decoding=\"async\" class=\"alignnone size-medium wp-image-4347\" src=\"https:\/\/www.jossfritzschule.de\/gs\/wp-content\/uploads\/2025\/09\/BILD-AG-Kopie-225x300.jpg\" alt=\"\" width=\"225\" height=\"300\" srcset=\"https:\/\/www.jossfritzschule.de\/gs\/wp-content\/uploads\/2025\/09\/BILD-AG-Kopie-225x300.jpg 225w, https:\/\/www.jossfritzschule.de\/gs\/wp-content\/uploads\/2025\/09\/BILD-AG-Kopie-768x1024.jpg 768w, https:\/\/www.jossfritzschule.de\/gs\/wp-content\/uploads\/2025\/09\/BILD-AG-Kopie-scaled.jpg 1920w\" sizes=\"auto, (max-width: 225px) 100vw, 225px\" \/><\/span><\/p>\n<\/div><\/div><\/div><div class=\"w-popup-closer\"><\/div><\/div><\/div><\/div><\/div><\/div><\/div><\/div><\/section><section class=\"l-section wpb_row height_small\"><div class=\"l-section-h i-cf\"><div class=\"g-cols vc_row via_flex valign_top type_default stacking_default\"><div class=\"vc_col-sm-4 wpb_column vc_column_container\"><div class=\"vc_column-inner\"><div class=\"wpb_wrapper\"><div class=\"w-popup w-btn-wrapper align_none\"><button aria-label=\"PfiFF\" class=\"w-popup-trigger type_btn w-btn us-btn-style_1\"><span class=\"w-btn-label\">PfiFF<\/span><\/button><div class=\"w-popup-overlay\" style=\"background:rgba(0,0,0,0.85);\"><\/div><div class=\"w-popup-wrap\" style=\"--title-color:var(--color-content-heading);--title-bg-color:var(--color-content-bg-alt);--content-color:var(--color-content-text);--content-bg-color:var(--color-content-bg)\"><div class=\"w-popup-box animation_fadeIn closerpos_outside with_title\" style=\"width:600px;\"><div class=\"w-popup-box-h\"><div class=\"w-popup-box-title\">PfiFF<\/div><div class=\"w-popup-box-content\" style=\"padding:5%;\"><p>PFiFF ist ein Sportkonzept zur F\u00f6rderung der Selbstregulation von Kindern im Kindergarten- und Grundschulalter. Entwickelt wurde es im Jahr 2012 vom Badischen Sportbund Nord in Zusammenarbeit mit dem Verein Spiel und Sport plus. Seit 2016 wird PFiFF gemeinsam mit dem W\u00fcrttembergischen Landessportbund (WLSB) umgesetzt.<\/p>\n<p>In den Sportstunden wird die sportliche Anstrengung mit sich immer wieder \u00e4ndernden Regeln und geistigen Herausforderungen kombiniert. Ziel ist es, die Merkf\u00e4higkeit, Impulskontrolle und Regelanwendung unter Anstrengung zu verbessern. Dar\u00fcber hinaus bespreche ich mit den Kindern die Schwierigkeiten der Spiele und Aufgaben&nbsp; sowie die Fehlerakzeptanz und die Unterschiedlichkeit zwischen den Kindern. Dies soll neben der pers\u00f6nlichen Fehlerakzeptanz auch die Toleranz gg\u00fc. anderen Menschen und deren F\u00e4higkeiten und Bed\u00fcrfnissen f\u00f6rdern.<\/p>\n<p><img loading=\"lazy\" decoding=\"async\" class=\"alignnone size-medium wp-image-4352\" src=\"https:\/\/www.jossfritzschule.de\/gs\/wp-content\/uploads\/2025\/09\/PfiFF-300x143.jpg\" alt=\"\" width=\"300\" height=\"143\" srcset=\"https:\/\/www.jossfritzschule.de\/gs\/wp-content\/uploads\/2025\/09\/PfiFF-300x143.jpg 300w, https:\/\/www.jossfritzschule.de\/gs\/wp-content\/uploads\/2025\/09\/PfiFF.jpg 323w\" sizes=\"auto, (max-width: 300px) 100vw, 300px\" \/><\/p>\n<\/div><\/div><\/div><div class=\"w-popup-closer\"><\/div><\/div><\/div><\/div><\/div><\/div><div class=\"vc_col-sm-4 wpb_column vc_column_container\"><div class=\"vc_column-inner\"><div class=\"wpb_wrapper\"><div class=\"w-popup w-btn-wrapper align_none\"><button aria-label=\"Kreativ&amp; Spiel\" class=\"w-popup-trigger type_btn w-btn us-btn-style_1\"><span class=\"w-btn-label\">Kreativ&amp; Spiel<\/span><\/button><div class=\"w-popup-overlay\" style=\"background:rgba(0,0,0,0.85);\"><\/div><div class=\"w-popup-wrap\" style=\"--title-color:var(--color-content-heading);--title-bg-color:var(--color-content-bg-alt);--content-color:var(--color-content-text);--content-bg-color:var(--color-content-bg)\"><div class=\"w-popup-box animation_fadeIn closerpos_outside with_title\" style=\"width:600px;\"><div class=\"w-popup-box-h\"><div class=\"w-popup-box-title\">Kreativ&amp; Spiel<\/div><div class=\"w-popup-box-content\" style=\"padding:5%;\"><p>Wir spielen Spiele, die gibt&#8217;s noch gar nicht\u2763\ufe0f<br \/>\nWenn du gern kreativ bist und mit B\u00e4llen jeglicher Art spielst, bist du hier genau richtig.<br \/>\nAuch das Handwerk kommt hier nicht zu kurz.<img loading=\"lazy\" decoding=\"async\" class=\"alignnone size-medium wp-image-4358\" src=\"https:\/\/www.jossfritzschule.de\/gs\/wp-content\/uploads\/2025\/10\/Spiele-AG-300x225.jpg\" alt=\"\" width=\"300\" height=\"225\" srcset=\"https:\/\/www.jossfritzschule.de\/gs\/wp-content\/uploads\/2025\/10\/Spiele-AG-300x225.jpg 300w, https:\/\/www.jossfritzschule.de\/gs\/wp-content\/uploads\/2025\/10\/Spiele-AG-1024x768.jpg 1024w\" sizes=\"auto, (max-width: 300px) 100vw, 300px\" \/><\/p>\n<\/div><\/div><\/div><div class=\"w-popup-closer\"><\/div><\/div><\/div><\/div><\/div><\/div><div class=\"vc_col-sm-4 wpb_column vc_column_container\"><div class=\"vc_column-inner\"><div class=\"wpb_wrapper\"><div class=\"w-popup w-btn-wrapper align_none\"><button aria-label=\"Architekten- AG\" class=\"w-popup-trigger type_btn w-btn us-btn-style_1\"><span class=\"w-btn-label\">Architekten- AG<\/span><\/button><div class=\"w-popup-overlay\" style=\"background:rgba(0,0,0,0.85);\"><\/div><div class=\"w-popup-wrap\" style=\"--title-color:var(--color-content-heading);--title-bg-color:var(--color-content-bg-alt);--content-color:var(--color-content-text);--content-bg-color:var(--color-content-bg)\"><div class=\"w-popup-box animation_fadeIn closerpos_outside with_title\" style=\"width:600px;\"><div class=\"w-popup-box-h\"><div class=\"w-popup-box-title\">Architekten- AG<\/div><div class=\"w-popup-box-content\" style=\"padding:5%;\"><p><span data-olk-copy-source=\"MessageBody\">In der Architekten-AG entdecken wir die bunte Welt des K\u00fcnstlers Friedensreich Hundertwasser. Gemeinsam gestalten wir fantasievolle Papph\u00e4user, entdecken leuchtende Farben, geschwungene Linien und besondere Bilder. Es wird gekleistert, gemalt und beklebt.<\/span><\/p>\n<\/div><\/div><\/div><div class=\"w-popup-closer\"><\/div><\/div><\/div><\/div><\/div><\/div><\/div><\/div><\/section>\n","protected":false},"excerpt":{"rendered":"Nachmittagsangebote&nbsp; Lesen, Kunst, Theater, Sport und unser Grundschulchor- zusammen mit den bew\u00e4hrten Kooperationen der ortsans\u00e4ssigen Vereinen, der MuKS, unseren JugendbegleiterInnen und Lehrkr\u00e4ften haben die Ganztageskinder ein vielf\u00e4ltiges Angebot f\u00fcr den Nachmittag. ChorChor (M. Herkert)Jeden Montag probt der Chor, bereitet sich auf den n\u00e4chsten Auftritt vor. Bl\u00e4ser- KlasseBl\u00e4ser- KlasseDie Leitung der Bl\u00e4serklasse hat Rektor David Ha\u00df...","protected":false},"author":2,"featured_media":0,"parent":380,"menu_order":340,"comment_status":"closed","ping_status":"closed","template":"","meta":{"ngg_post_thumbnail":0,"footnotes":""},"class_list":["post-166","page","type-page","status-publish","hentry"],"post_mailing_queue_ids":[],"_links":{"self":[{"href":"https:\/\/www.jossfritzschule.de\/gs\/wp-json\/wp\/v2\/pages\/166","targetHints":{"allow":["GET"]}}],"collection":[{"href":"https:\/\/www.jossfritzschule.de\/gs\/wp-json\/wp\/v2\/pages"}],"about":[{"href":"https:\/\/www.jossfritzschule.de\/gs\/wp-json\/wp\/v2\/types\/page"}],"author":[{"embeddable":true,"href":"https:\/\/www.jossfritzschule.de\/gs\/wp-json\/wp\/v2\/users\/2"}],"replies":[{"embeddable":true,"href":"https:\/\/www.jossfritzschule.de\/gs\/wp-json\/wp\/v2\/comments?post=166"}],"version-history":[{"count":83,"href":"https:\/\/www.jossfritzschule.de\/gs\/wp-json\/wp\/v2\/pages\/166\/revisions"}],"predecessor-version":[{"id":4360,"href":"https:\/\/www.jossfritzschule.de\/gs\/wp-json\/wp\/v2\/pages\/166\/revisions\/4360"}],"up":[{"embeddable":true,"href":"https:\/\/www.jossfritzschule.de\/gs\/wp-json\/wp\/v2\/pages\/380"}],"wp:attachment":[{"href":"https:\/\/www.jossfritzschule.de\/gs\/wp-json\/wp\/v2\/media?parent=166"}],"curies":[{"name":"wp","href":"https:\/\/api.w.org\/{rel}","templated":true}]}}