{"id":178,"date":"2019-01-04T09:07:56","date_gmt":"2019-01-04T09:07:56","guid":{"rendered":"https:\/\/wp-test.jossfritzschule.de\/?page_id=178"},"modified":"2024-07-26T12:35:23","modified_gmt":"2024-07-26T12:35:23","slug":"jugendsozialarbeit","status":"publish","type":"page","link":"https:\/\/www.jossfritzschule.de\/gs\/schule\/jugendsozialarbeit\/","title":{"rendered":"Schulsozialarbeit"},"content":{"rendered":"<section class=\"l-section wpb_row height_small\"><div class=\"l-section-h i-cf\"><div class=\"g-cols vc_row via_flex valign_top type_default stacking_default\"><div class=\"vc_col-sm-8 wpb_column vc_column_container\"><div class=\"vc_column-inner\"><div class=\"wpb_wrapper\"><div class=\"wpb_text_column\"><div class=\"wpb_wrapper\"><h2>Jugendsozialarbeit an der Schule \u2026<\/h2>\n<div class=\"csc-textpic csc-textpic-intext-right csc-textpic-equalheight\">\n<p class=\"csc-textpic-imagewrap csc-textpic-single-image\">\u2026 unterst\u00fctzt Sch\u00fclerinnen und Sch\u00fcler, deren Eltern, Lehrkr\u00e4fte und andere Bezugspersonen bei der Suche nach L\u00f6sungen in pers\u00f6nlichen und schulischen Fragen.<\/p>\n<p class=\"csc-textpic-imagewrap csc-textpic-single-image\">\u2026 macht pr\u00e4ventive und partizipative Angebote zur Pers\u00f6nlichkeitsentwicklung, zu sozialem Lernen und gestaltet Schulleben mit.<\/p>\n<p class=\"csc-textpic-imagewrap csc-textpic-single-image\">\u2026 kooperiert in der Schule mit Schulleitung, Lehrkr\u00e4ften und allen am Schulleben Beteiligten und au\u00dferhalb der Schule mit Fachdiensten, Einrichtungen der Jugendhilfe, Jugendarbeit und anderen.<\/p>\n<div class=\"csc-textpic-imagewrap csc-textpic-single-image\">Grunds\u00e4tze der Jugendsozialarbeit an der Schule:<\/div>\n<ul>\n<li class=\"csc-textpic-imagewrap csc-textpic-single-image\">Freiwilligkeit<\/li>\n<li class=\"csc-textpic-imagewrap csc-textpic-single-image\">Verschwiegenheit, d.h. die Mitarbeiterin unterliegt der Schweigepflicht<\/li>\n<li class=\"csc-textpic-imagewrap csc-textpic-single-image\">Kostenfreiheit<\/li>\n<\/ul>\n<p>Sprechzeiten: In der Regel w\u00e4hrend der \u00fcblichen Schulzeiten, Termine bitte vereinbaren.<\/p>\n<\/div>\n<\/div><\/div><\/div><\/div><\/div><div class=\"vc_col-sm-4 wpb_column vc_column_container\"><div class=\"vc_column-inner\"><div class=\"wpb_wrapper\"><div class=\"w-person layout_simple with_desc with_socials\" itemscope itemtype=\"https:\/\/schema.org\/Person\"><div class=\"w-person-image\"><img loading=\"lazy\" decoding=\"async\" width=\"404\" height=\"528\" src=\"https:\/\/www.jossfritzschule.de\/gs\/wp-content\/uploads\/2021\/10\/Reiberger.jpg\" class=\"attachment-full size-full\" alt=\"\" srcset=\"https:\/\/www.jossfritzschule.de\/gs\/wp-content\/uploads\/2021\/10\/Reiberger.jpg 404w, https:\/\/www.jossfritzschule.de\/gs\/wp-content\/uploads\/2021\/10\/Reiberger-230x300.jpg 230w\" sizes=\"auto, (max-width: 404px) 100vw, 404px\" \/><\/div><div class=\"w-person-content\"><h4 itemprop=\"name\" class=\"w-person-name\"><span>Fr. Reiberger<\/span><\/h4><div class=\"w-person-links\"><div class=\"w-person-links-list\"><a href=\"mailto:jugendsozialarbeitJFGS@bruchsal.de\" class=\"w-person-links-item type_email\" title=\"E-Mail\"><i class=\"fas fa-envelope\"><\/i><\/a><\/div><\/div><div class=\"w-person-description\" itemprop=\"description\"><p>Mail: jugendsozialarbeitjfgs@bruchsal.de<br \/>Telefon: 07251\/798128 (AB)<br \/>Mobil: 0175-7758105<\/p>\n<\/div><\/div><\/div><\/div><\/div><\/div><\/div><\/div><\/section>\r\n\r\n<div class=\"wp-block-columns is-layout-flex wp-container-core-columns-is-layout-9d6595d7 wp-block-columns-is-layout-flex\">\r\n<div class=\"wp-block-column is-layout-flow wp-block-column-is-layout-flow\" style=\"flex-basis: 33.33%;\">\r\n<figure class=\"wp-block-image size-full\"><img loading=\"lazy\" decoding=\"async\" width=\"1025\" height=\"769\" class=\"wp-image-3743\" src=\"https:\/\/www.jossfritzschule.de\/gs\/wp-content\/uploads\/2024\/07\/Foto-Gefuehlsmonster.jpg\" alt=\"\" srcset=\"https:\/\/www.jossfritzschule.de\/gs\/wp-content\/uploads\/2024\/07\/Foto-Gefuehlsmonster.jpg 1025w, https:\/\/www.jossfritzschule.de\/gs\/wp-content\/uploads\/2024\/07\/Foto-Gefuehlsmonster-300x225.jpg 300w\" sizes=\"auto, (max-width: 1025px) 100vw, 1025px\" \/><\/figure>\r\n<\/div>\r\n\r\n\r\n\r\n<div class=\"wp-block-column is-layout-flow wp-block-column-is-layout-flow\" style=\"flex-basis: 66.66%;\">\r\n<p><strong>Bunte Gef\u00fchlsmonster \u2013 kreativ in der Monster-AG<\/strong><\/p>\r\n\r\n\r\n\r\n<p>Jeder von uns produziert mehr als 200 Kilogramm Verpackungsm\u00fcll im Jahr! Auf kreative Weise wurde bei uns in der Monster-AG wertloser Abfall in lustige Skulpturen verwandelt. Das kommt auch der Umwelt zugute!<\/p>\r\n\r\n\r\n\r\n<p>\u201eSo f\u00fchle ich mich, wenn ich\u2026\u201c \u2013 zu diesem Satz als Denkansto\u00df bauten Kinder in kleinen Gruppen ihr Gef\u00fchlsmonster, beklebten alles mit Zeitungspapier und malten schlie\u00dflich die Skulpturen an. Auch wenn sie manchmal zum Aufgeben bereit waren, siegte der Kampfgeist. Zum Schluss erz\u00e4hlten Kinder noch lustige Geschichten zu ihren Gef\u00fchlsmonstern.<\/p>\r\n\r\n\r\n\r\n<p>\u201eDer sch\u00fcchterne Rapgod. Rapgod hat heute einen Auftritt und ist aufgeregt, aber gleichzeitig fr\u00f6hlich. Er steht hinter der B\u00fchne und schnauft noch ein letztes Mal. Er zieht seine Sonnen Brille auf und rappt los\u2026\u201c<\/p>\r\n\r\n\r\n\r\n<p>\u201eDer hungrige Woozlegoozle. Der Woozlegoozl hat oft Hunger. Am liebsten isst er gegrillte W\u00fcrmer und Tomatensaft mit salzigen Tr\u00e4nen. Wenn er aber hungrig ist, schl\u00e4gt er wild um sich herum und beschimpft andere.\u201c<\/p>\r\n\r\n\r\n\r\n<p>\u201eDas Gl\u00fccksmonster Schabanack. Der Name bedeutet in der Menschensprache Lustige Streiche. Einmal hat er sich auf den Weg gemacht zu einer Welt, in der er nicht ge\u00e4rgert wird. In der Menschenwelt hat Schabanack viele Freunde gefunden. Zusammen haben sie viel gelacht und Schabanack gemacht und waren gl\u00fccklich. Als sie einem Wutmonster begegneten, wurden sie Freunde. Weil einen Feind zum Freund zu machen ist die beste L\u00f6sung f\u00fcr den Frieden.\u201c<\/p>\r\n<\/div>\r\n<\/div>\r\n","protected":false},"excerpt":{"rendered":"<p>Bunte Gef\u00fchlsmonster \u2013 kreativ in der Monster-AG Jeder von uns produziert mehr als 200 Kilogramm Verpackungsm\u00fcll im Jahr! Auf kreative Weise wurde bei uns in der Monster-AG wertloser Abfall in lustige Skulpturen verwandelt. Das kommt auch der Umwelt zugute! \u201eSo f\u00fchle ich mich, wenn ich\u2026\u201c \u2013 zu diesem Satz als Denkansto\u00df bauten Kinder in kleinen&#8230;<\/p>\n","protected":false},"author":2,"featured_media":0,"parent":51,"menu_order":145,"comment_status":"closed","ping_status":"closed","template":"","meta":{"ngg_post_thumbnail":0,"footnotes":""},"class_list":["post-178","page","type-page","status-publish","hentry"],"post_mailing_queue_ids":[],"_links":{"self":[{"href":"https:\/\/www.jossfritzschule.de\/gs\/wp-json\/wp\/v2\/pages\/178","targetHints":{"allow":["GET"]}}],"collection":[{"href":"https:\/\/www.jossfritzschule.de\/gs\/wp-json\/wp\/v2\/pages"}],"about":[{"href":"https:\/\/www.jossfritzschule.de\/gs\/wp-json\/wp\/v2\/types\/page"}],"author":[{"embeddable":true,"href":"https:\/\/www.jossfritzschule.de\/gs\/wp-json\/wp\/v2\/users\/2"}],"replies":[{"embeddable":true,"href":"https:\/\/www.jossfritzschule.de\/gs\/wp-json\/wp\/v2\/comments?post=178"}],"version-history":[{"count":17,"href":"https:\/\/www.jossfritzschule.de\/gs\/wp-json\/wp\/v2\/pages\/178\/revisions"}],"predecessor-version":[{"id":3745,"href":"https:\/\/www.jossfritzschule.de\/gs\/wp-json\/wp\/v2\/pages\/178\/revisions\/3745"}],"up":[{"embeddable":true,"href":"https:\/\/www.jossfritzschule.de\/gs\/wp-json\/wp\/v2\/pages\/51"}],"wp:attachment":[{"href":"https:\/\/www.jossfritzschule.de\/gs\/wp-json\/wp\/v2\/media?parent=178"}],"curies":[{"name":"wp","href":"https:\/\/api.w.org\/{rel}","templated":true}]}}