{"id":185,"date":"2019-01-04T09:55:03","date_gmt":"2019-01-04T09:55:03","guid":{"rendered":"https:\/\/wp-test.jossfritzschule.de\/?page_id=185"},"modified":"2023-09-12T13:56:21","modified_gmt":"2023-09-12T13:56:21","slug":"schul-und-hausordnung","status":"publish","type":"page","link":"https:\/\/www.jossfritzschule.de\/gs\/schule\/schul-und-hausordnung\/","title":{"rendered":"Schul &#8211; und Hausordnung"},"content":{"rendered":"<section class=\"l-section wpb_row height_small\"><div class=\"l-section-h i-cf\"><div class=\"g-cols vc_row via_flex valign_top type_default stacking_default\"><div class=\"vc_col-sm-12 wpb_column vc_column_container\"><div class=\"vc_column-inner\"><div class=\"wpb_wrapper\"><div class=\"wpb_text_column\"><div class=\"wpb_wrapper\"><h3><strong>Schulordnung der Jo\u00df- Fritz- Grundschule<\/strong><\/h3>\n<\/div><\/div><div class=\"w-image align_center\"><div class=\"w-image-h\"><img loading=\"lazy\" decoding=\"async\" width=\"701\" height=\"301\" src=\"https:\/\/www.jossfritzschule.de\/gs\/wp-content\/uploads\/2023\/09\/schulordnung.jpg\" class=\"attachment-large size-large\" alt=\"\" srcset=\"https:\/\/www.jossfritzschule.de\/gs\/wp-content\/uploads\/2023\/09\/schulordnung.jpg 701w, https:\/\/www.jossfritzschule.de\/gs\/wp-content\/uploads\/2023\/09\/schulordnung-300x129.jpg 300w\" sizes=\"auto, (max-width: 701px) 100vw, 701px\" \/><\/div><\/div><div class=\"wpb_text_column\"><div class=\"wpb_wrapper\"><h1><strong style=\"font-size: 16px;\">Als TEAM wollen wir in unserer Grundschule friedlich leben und lernen.<\/strong><\/h1>\n<p><strong>Damit uns das gelingt, beachten wir unsere gemeinsam vereinbarten Regeln.<\/strong><\/p>\n<\/div><\/div><div class=\"w-separator size_medium\"><\/div><div class=\"w-tabs style_default switch_click accordion has_scrolling\" style=\"--sections-title-size:inherit\"><div class=\"w-tabs-sections titles-align_none icon_chevron cpos_right\"><div class=\"w-tabs-section\" id=\"1560928303501-a7a37fbd-b73a\"><button class=\"w-tabs-section-header\" aria-controls=\"content-1560928303501-a7a37fbd-b73a\" aria-expanded=\"false\"><div class=\"w-tabs-section-title\">So gehen wir r\u00fccksichtsvoll und respektvoll miteinander um<\/div><div class=\"w-tabs-section-control\"><\/div><\/button><div  class=\"w-tabs-section-content\" id=\"content-1560928303501-a7a37fbd-b73a\"><div class=\"w-tabs-section-content-h i-cf\"><div class=\"wpb_text_column\"><div class=\"wpb_wrapper\"><ul>\n<li>Wir begegnen einander freundlich und hilfsbereit.<\/li>\n<li>Wir gr\u00fc\u00dfen alle, die uns begegnen.<\/li>\n<li>\u201eBitte\u201c und \u201eDanke\u201c sind f\u00fcr uns selbstverst\u00e4ndlich.<\/li>\n<li>Wir h\u00f6ren einander zu und lassen den anderen aussprechen.<\/li>\n<li>Spa\u00df machen ist erlaubt, solange keiner darunter leidet. Bei Stopp ist Schluss!<\/li>\n<li>Auf Dr\u00e4ngeln, Schubsen, Schlagen und Schreien verzichten wir.<\/li>\n<li>Wir bleiben fair und l\u00f6sen Streitigkeiten im Gespr\u00e4ch.<\/li>\n<li>Wenn ich einen Fehler mache, entschuldige ich mich.<\/li>\n<\/ul>\n<\/div><\/div><\/div><\/div><\/div><div class=\"w-tabs-section\" id=\"1560928340088-0eda8ff7-ef87\"><button class=\"w-tabs-section-header\" aria-controls=\"content-1560928340088-0eda8ff7-ef87\" aria-expanded=\"false\"><div class=\"w-tabs-section-title\">So lernen wir zusammen<\/div><div class=\"w-tabs-section-control\"><\/div><\/button><div  class=\"w-tabs-section-content\" id=\"content-1560928340088-0eda8ff7-ef87\"><div class=\"w-tabs-section-content-h i-cf\"><div class=\"g-cols wpb_row via_flex valign_top type_default stacking_default\"><div class=\"vc_col-sm-6 wpb_column vc_column_container\"><div class=\"vc_column-inner\"><div class=\"wpb_wrapper\"><div class=\"wpb_text_column\"><div class=\"wpb_wrapper\"><ul>\n<li>Wir kommen p\u00fcnktlich zum Unterricht.<\/li>\n<li>Wir genie\u00dfen eine ruhige Lernumgebung.<\/li>\n<li>Meine Tischnachbarn lasse ich in Ruhe arbeiten.<\/li>\n<li>Ich halte die Gespr\u00e4chsregeln ein und melde mich geduldig.<\/li>\n<li>Mit meinen Sachen und mit den Dingen anderer gehe ich ordentlich um. Dazu geh\u00f6ren auch die Schulb\u00fccher und Schulm\u00f6bel.<\/li>\n<\/ul>\n<\/div><\/div><\/div><\/div><\/div><div class=\"vc_col-sm-6 wpb_column vc_column_container\"><div class=\"vc_column-inner\"><div class=\"wpb_wrapper\"><\/div><\/div><\/div><\/div><\/div><\/div><\/div><div class=\"w-tabs-section\" id=\"1560928574415-32695ef5-15b0\"><button class=\"w-tabs-section-header\" aria-controls=\"content-1560928574415-32695ef5-15b0\" aria-expanded=\"false\"><div class=\"w-tabs-section-title\">So halten wir unsere Schule ordentlich und sauber<\/div><div class=\"w-tabs-section-control\"><\/div><\/button><div  class=\"w-tabs-section-content\" id=\"content-1560928574415-32695ef5-15b0\"><div class=\"w-tabs-section-content-h i-cf\"><div class=\"wpb_text_column\"><div class=\"wpb_wrapper\"><ul>\n<li>Ich halte meinen Platz sauber.<\/li>\n<li>Meinen M\u00fcll r\u00e4ume ich weg. Dabei achte ich auf M\u00fclltrennung.<\/li>\n<li>F\u00fcr meine Kleidung und f\u00fcr meinen Sportbeutel nutze ich den Kleiderst\u00e4nder.<\/li>\n<li>Ich halte die Toiletten sauber und nutze sie nur f\u00fcr den Toilettengang (und zum H\u00e4ndewaschen).<\/li>\n<li>Am Ende des Schultages stelle ich meinen Stuhl auf den Tisch.<\/li>\n<\/ul>\n<\/div><\/div><\/div><\/div><\/div><div class=\"w-tabs-section\" id=\"1560928642980-af000a66-1f93\"><button class=\"w-tabs-section-header\" aria-controls=\"content-1560928642980-af000a66-1f93\" aria-expanded=\"false\"><div class=\"w-tabs-section-title\">So verbringen wir unsere Pausen<\/div><div class=\"w-tabs-section-control\"><\/div><\/button><div  class=\"w-tabs-section-content\" id=\"content-1560928642980-af000a66-1f93\"><div class=\"w-tabs-section-content-h i-cf\"><div class=\"wpb_text_column\"><div class=\"wpb_wrapper\"><ul>\n<li>Ein gesundes Pausenfr\u00fchst\u00fcck gibt mir Kraft zum Lernen. S\u00fc\u00dfigkeiten und zuckerhaltige Getr\u00e4nke lasse ich daheim.<\/li>\n<li>Wir bleiben w\u00e4hrend der Aktivpause im Pausenbereich.<\/li>\n<li>Wir gehen sorgf\u00e4ltig mit dem Spielmaterial um und r\u00e4umen es nach der Pause wieder auf.<\/li>\n<li>Die kleinen Pausen nutzen wir f\u00fcr den Toilettengang. Wir halten uns nicht auf den G\u00e4ngen auf!<\/li>\n<\/ul>\n<\/div><\/div><\/div><\/div><\/div><div class=\"w-tabs-section\" id=\"1560928799251-4890ead1-2a48\"><button class=\"w-tabs-section-header\" aria-controls=\"content-1560928799251-4890ead1-2a48\" aria-expanded=\"false\"><div class=\"w-tabs-section-title\">Hinweise f\u00fcr die Eltern<\/div><div class=\"w-tabs-section-control\"><\/div><\/button><div  class=\"w-tabs-section-content\" id=\"content-1560928799251-4890ead1-2a48\"><div class=\"w-tabs-section-content-h i-cf\"><div class=\"wpb_text_column\"><div class=\"wpb_wrapper\"><p>Auch die Eltern k\u00f6nnen zu einem guten Schulklima beitragen. Schulleitung und Lehrkr\u00e4fte stehen Ihnen zu den Sprechzeiten zur Verf\u00fcgung. Ein gutes Gespr\u00e4ch braucht Zeit. Steht ein schulisches Problem an, sprechen Sie zuerst mit der betreffenden Lehrkraft und vereinbaren Sie einen Termin mit ihr.<\/p>\n<p>Eltern verabschieden sich vor dem Schulhof von ihren Kindern und holen sie dort auch wieder ab.<\/p>\n<p>Wer sein Kind mit dem Auto in die Schule bringen muss, sollte m\u00f6glichst die Einfahrt in die Schule meiden. Sch\u00fclerInnen, die zu Fu\u00df gehen, werden dadurch unn\u00f6tig gef\u00e4hrdet.<\/p>\n<\/div><\/div><\/div><\/div><\/div><div class=\"w-tabs-section\" id=\"1560928820984-a3780dd4-1e93\"><button class=\"w-tabs-section-header\" aria-controls=\"content-1560928820984-a3780dd4-1e93\" aria-expanded=\"false\"><div class=\"w-tabs-section-title\">Verhalten bei Krankheit<\/div><div class=\"w-tabs-section-control\"><\/div><\/button><div  class=\"w-tabs-section-content\" id=\"content-1560928820984-a3780dd4-1e93\"><div class=\"w-tabs-section-content-h i-cf\"><div class=\"wpb_text_column\"><div class=\"wpb_wrapper\"><p>Wenn Ihr Kind krank ist, entschuldigen Sie es telefonisch oder per email im Sekretariat.<\/p>\n<p>Eine Entschuldigung \u00fcber Mitsch\u00fcler ist nicht m\u00f6glich.<\/p>\n<p>Wichtig ist f\u00fcr die Lehrerinnen und Lehrer, dass sie schon zu Unterrichtsbeginn wissen, welche Kinder krank sind, weil nur so die Aufsichtspflicht seitens der Eltern und Lehrer gew\u00e4hrleistet ist.<\/p>\n<p><strong><a href=\"https:\/\/www.jossfritzschule.de\/gs\/kontakt\/online-entschuldigung\/\">Entschuldigung per E-mail<\/a><\/strong><\/p>\n<\/div><\/div><\/div><\/div><\/div><\/div><\/div><\/div><\/div><\/div><\/div><\/div><\/section>\n","protected":false},"excerpt":{"rendered":"Schulordnung der Jo\u00df- Fritz- Grundschule Als TEAM wollen wir in unserer Grundschule friedlich leben und lernen. Damit uns das gelingt, beachten wir unsere gemeinsam vereinbarten Regeln. So gehen wir r\u00fccksichtsvoll und respektvoll miteinander um Wir begegnen einander freundlich und hilfsbereit. Wir gr\u00fc\u00dfen alle, die uns begegnen. \u201eBitte\u201c und \u201eDanke\u201c sind f\u00fcr uns selbstverst\u00e4ndlich. Wir h\u00f6ren...","protected":false},"author":2,"featured_media":0,"parent":51,"menu_order":160,"comment_status":"closed","ping_status":"closed","template":"","meta":{"ngg_post_thumbnail":0,"footnotes":""},"class_list":["post-185","page","type-page","status-publish","hentry"],"post_mailing_queue_ids":[],"_links":{"self":[{"href":"https:\/\/www.jossfritzschule.de\/gs\/wp-json\/wp\/v2\/pages\/185","targetHints":{"allow":["GET"]}}],"collection":[{"href":"https:\/\/www.jossfritzschule.de\/gs\/wp-json\/wp\/v2\/pages"}],"about":[{"href":"https:\/\/www.jossfritzschule.de\/gs\/wp-json\/wp\/v2\/types\/page"}],"author":[{"embeddable":true,"href":"https:\/\/www.jossfritzschule.de\/gs\/wp-json\/wp\/v2\/users\/2"}],"replies":[{"embeddable":true,"href":"https:\/\/www.jossfritzschule.de\/gs\/wp-json\/wp\/v2\/comments?post=185"}],"version-history":[{"count":13,"href":"https:\/\/www.jossfritzschule.de\/gs\/wp-json\/wp\/v2\/pages\/185\/revisions"}],"predecessor-version":[{"id":3058,"href":"https:\/\/www.jossfritzschule.de\/gs\/wp-json\/wp\/v2\/pages\/185\/revisions\/3058"}],"up":[{"embeddable":true,"href":"https:\/\/www.jossfritzschule.de\/gs\/wp-json\/wp\/v2\/pages\/51"}],"wp:attachment":[{"href":"https:\/\/www.jossfritzschule.de\/gs\/wp-json\/wp\/v2\/media?parent=185"}],"curies":[{"name":"wp","href":"https:\/\/api.w.org\/{rel}","templated":true}]}}