{"id":238,"date":"2019-01-04T14:38:43","date_gmt":"2019-01-04T14:38:43","guid":{"rendered":"https:\/\/wp-test.jossfritzschule.de\/?page_id=238"},"modified":"2023-11-16T06:55:15","modified_gmt":"2023-11-16T06:55:15","slug":"klassen","status":"publish","type":"page","link":"https:\/\/www.jossfritzschule.de\/gs\/schule\/klassen\/","title":{"rendered":"Projekthilfe Uganda"},"content":{"rendered":"<p><img loading=\"lazy\" decoding=\"async\" class=\"alignnone size-medium wp-image-3219\" src=\"https:\/\/www.jossfritzschule.de\/gs\/wp-content\/uploads\/2023\/11\/projekthilfe-uganda-300x69.png\" alt=\"\" width=\"300\" height=\"69\" srcset=\"https:\/\/www.jossfritzschule.de\/gs\/wp-content\/uploads\/2023\/11\/projekthilfe-uganda-300x69.png 300w, https:\/\/www.jossfritzschule.de\/gs\/wp-content\/uploads\/2023\/11\/projekthilfe-uganda-1024x235.png 1024w, https:\/\/www.jossfritzschule.de\/gs\/wp-content\/uploads\/2023\/11\/projekthilfe-uganda.png 1125w\" sizes=\"auto, (max-width: 300px) 100vw, 300px\" \/><\/p>\n\n\n<div class=\"wp-block-columns is-layout-flex wp-container-core-columns-is-layout-9d6595d7 wp-block-columns-is-layout-flex\">\n<div class=\"wp-block-column is-layout-flow wp-block-column-is-layout-flow\">\n<p><\/p>\n\n\n\n<p>Seit 2022 unterst\u00fctzen wir die <a href=\"https:\/\/projekthilfe-uganda.de\/\">Projekthilfe Uganda<\/a>, einen gemeinn\u00fctzigen Verein aus Bruchsal- B\u00fcchenau.<br>Der Verein hat in Uganda ein Entwicklungsprojekt mit Schulen, Berufsausbildung und einem Gesundheitszentrum aufgebaut, entwickelt diese Arbeit weiter und st\u00f6\u00dft neue Projekte an. Die Projekthilfe Uganda organisiert Patenschaften, mit denen Kindern der Schulbesuch erm\u00f6glicht wird.<\/p>\n\n\n\n<p>Die Jo\u00df- Fritz- Grundschule hat die Patenschaft f\u00fcr die sechsj\u00e4hrige Namaalwa Immaculate \u00fcbernommen.<br>Das M\u00e4dchen ist Vollwaise und lebt mit zwei Br\u00fcdern bei der Gro\u00dfmutter.<br>Mit unserer Unterst\u00fctzung kann das Kind zuk\u00fcnftig die Schule besuchen.<\/p>\n\n\n\n<p><\/p>\n<\/div>\n\n\n\n<div class=\"wp-block-column is-layout-flow wp-block-column-is-layout-flow\">\n<figure class=\"wp-block-image size-full\"><img loading=\"lazy\" decoding=\"async\" width=\"464\" height=\"683\" src=\"https:\/\/www.jossfritzschule.de\/gs\/wp-content\/uploads\/2023\/11\/namaalwa.jpg\" alt=\"\" class=\"wp-image-3223\" srcset=\"https:\/\/www.jossfritzschule.de\/gs\/wp-content\/uploads\/2023\/11\/namaalwa.jpg 464w, https:\/\/www.jossfritzschule.de\/gs\/wp-content\/uploads\/2023\/11\/namaalwa-204x300.jpg 204w\" sizes=\"auto, (max-width: 464px) 100vw, 464px\" \/><\/figure>\n<\/div>\n<\/div>\n","protected":false},"excerpt":{"rendered":"<p>Seit 2022 unterst\u00fctzen wir die Projekthilfe Uganda, einen gemeinn\u00fctzigen Verein aus Bruchsal- B\u00fcchenau.Der Verein hat in Uganda ein Entwicklungsprojekt mit Schulen, Berufsausbildung und einem Gesundheitszentrum aufgebaut, entwickelt diese Arbeit weiter und st\u00f6\u00dft neue Projekte an. Die Projekthilfe Uganda organisiert Patenschaften, mit denen Kindern der Schulbesuch erm\u00f6glicht wird. Die Jo\u00df- Fritz- Grundschule hat die Patenschaft f\u00fcr&#8230;<\/p>\n","protected":false},"author":2,"featured_media":0,"parent":51,"menu_order":165,"comment_status":"closed","ping_status":"closed","template":"","meta":{"ngg_post_thumbnail":0,"footnotes":""},"class_list":["post-238","page","type-page","status-publish","hentry"],"post_mailing_queue_ids":[],"_links":{"self":[{"href":"https:\/\/www.jossfritzschule.de\/gs\/wp-json\/wp\/v2\/pages\/238","targetHints":{"allow":["GET"]}}],"collection":[{"href":"https:\/\/www.jossfritzschule.de\/gs\/wp-json\/wp\/v2\/pages"}],"about":[{"href":"https:\/\/www.jossfritzschule.de\/gs\/wp-json\/wp\/v2\/types\/page"}],"author":[{"embeddable":true,"href":"https:\/\/www.jossfritzschule.de\/gs\/wp-json\/wp\/v2\/users\/2"}],"replies":[{"embeddable":true,"href":"https:\/\/www.jossfritzschule.de\/gs\/wp-json\/wp\/v2\/comments?post=238"}],"version-history":[{"count":32,"href":"https:\/\/www.jossfritzschule.de\/gs\/wp-json\/wp\/v2\/pages\/238\/revisions"}],"predecessor-version":[{"id":3225,"href":"https:\/\/www.jossfritzschule.de\/gs\/wp-json\/wp\/v2\/pages\/238\/revisions\/3225"}],"up":[{"embeddable":true,"href":"https:\/\/www.jossfritzschule.de\/gs\/wp-json\/wp\/v2\/pages\/51"}],"wp:attachment":[{"href":"https:\/\/www.jossfritzschule.de\/gs\/wp-json\/wp\/v2\/media?parent=238"}],"curies":[{"name":"wp","href":"https:\/\/api.w.org\/{rel}","templated":true}]}}