{"id":255,"date":"2019-01-04T14:41:08","date_gmt":"2019-01-04T14:41:08","guid":{"rendered":"https:\/\/wp-test.jossfritzschule.de\/?page_id=255"},"modified":"2019-06-19T10:41:27","modified_gmt":"2019-06-19T10:41:27","slug":"kontakt","status":"publish","type":"page","link":"https:\/\/www.jossfritzschule.de\/gs\/kontakt\/","title":{"rendered":"Kontakt"},"content":{"rendered":"<section class=\"l-section wpb_row height_small\"><div class=\"l-section-h i-cf\"><div class=\"g-cols vc_row via_flex valign_top type_default stacking_default\"><div class=\"vc_col-sm-12 wpb_column vc_column_container\"><div class=\"vc_column-inner\"><div class=\"wpb_wrapper\"><div class=\"wpb_text_column\"><div class=\"wpb_wrapper\"><h1>So erreichen Sie uns<\/h1>\n<div class=\"csc-textpic-text\">\n<h3 style=\"text-align: left;\"><b>Jo\u00df-Fritz-Grundschule<\/b><b><\/b><\/h3>\n<p>&nbsp;<\/p>\n<\/div>\n<\/div><\/div><div class=\"w-contacts\"><div class=\"w-contacts-list\"><div class=\"w-contacts-item for_address\"><span class=\"w-contacts-item-value\">Jo\u00df-Fritz-Stra\u00dfe 30<\/span><\/div><div class=\"w-contacts-item for_phone\"><span class=\"w-contacts-item-value\">07251 \/ 79810<\/span><\/div><div class=\"w-contacts-item for_mobile\"><span class=\"w-contacts-item-value\">07251 \/ 79811<\/span><\/div><div class=\"w-contacts-item for_email\"><span class=\"w-contacts-item-value\"><a href=\"mailto:gs@jossfritzschule.de\">gs@jossfritzschule.de<\/a><\/span><\/div><\/div><\/div><div class=\"w-separator size_medium\"><\/div><div class=\"w-map provider_osm\" id=\"us_map_1\"><div class=\"w-map-inner\"><div class=\"w-map-json\" onclick='return {&quot;address&quot;:&quot;49.0908101,8.5474373&quot;,&quot;disableDragging&quot;:0,&quot;disableZoom&quot;:0,&quot;hideControls&quot;:0,&quot;zoom&quot;:14,&quot;markers&quot;:[{&quot;address&quot;:&quot;49.0908101,8.5474373&quot;,&quot;html&quot;:&quot;Jo\\u00df-Fritz-Schule&quot;,&quot;infowindow&quot;:0}],&quot;icon&quot;:{&quot;url&quot;:&quot;https:\\\/\\\/www.jossfritzschule.de\\\/gs\\\/wp-content\\\/uploads\\\/2018\\\/12\\\/favicon.ico&quot;,&quot;size&quot;:[30,30]},&quot;style&quot;:&quot;https:\\\/\\\/maps.wikimedia.org\\\/osm-intl\\\/{z}\\\/{x}\\\/{y}{r}.png&quot;}'><\/div><\/div><\/div><\/div><\/div><\/div><\/div><\/div><\/section>\n","protected":false},"excerpt":{"rendered":"So erreichen Sie uns Jo\u00df-Fritz-Grundschule &nbsp; Jo\u00df-Fritz-Stra\u00dfe 3007251 \/ 7981007251 \/ 79811gs@jossfritzschule.de","protected":false},"author":2,"featured_media":0,"parent":0,"menu_order":500,"comment_status":"closed","ping_status":"closed","template":"","meta":{"ngg_post_thumbnail":0,"footnotes":""},"class_list":["post-255","page","type-page","status-publish","hentry"],"post_mailing_queue_ids":[],"_links":{"self":[{"href":"https:\/\/www.jossfritzschule.de\/gs\/wp-json\/wp\/v2\/pages\/255","targetHints":{"allow":["GET"]}}],"collection":[{"href":"https:\/\/www.jossfritzschule.de\/gs\/wp-json\/wp\/v2\/pages"}],"about":[{"href":"https:\/\/www.jossfritzschule.de\/gs\/wp-json\/wp\/v2\/types\/page"}],"author":[{"embeddable":true,"href":"https:\/\/www.jossfritzschule.de\/gs\/wp-json\/wp\/v2\/users\/2"}],"replies":[{"embeddable":true,"href":"https:\/\/www.jossfritzschule.de\/gs\/wp-json\/wp\/v2\/comments?post=255"}],"version-history":[{"count":5,"href":"https:\/\/www.jossfritzschule.de\/gs\/wp-json\/wp\/v2\/pages\/255\/revisions"}],"predecessor-version":[{"id":481,"href":"https:\/\/www.jossfritzschule.de\/gs\/wp-json\/wp\/v2\/pages\/255\/revisions\/481"}],"wp:attachment":[{"href":"https:\/\/www.jossfritzschule.de\/gs\/wp-json\/wp\/v2\/media?parent=255"}],"curies":[{"name":"wp","href":"https:\/\/api.w.org\/{rel}","templated":true}]}}