{"id":269,"date":"2019-01-04T15:08:59","date_gmt":"2019-01-04T15:08:59","guid":{"rendered":"https:\/\/wp-test.jossfritzschule.de\/?page_id=269"},"modified":"2024-07-26T12:05:30","modified_gmt":"2024-07-26T12:05:30","slug":"sprechzeiten-lehrer","status":"publish","type":"page","link":"https:\/\/www.jossfritzschule.de\/gs\/eltern\/sprechzeiten-lehrer\/","title":{"rendered":"Sprechzeiten der Lehrkr\u00e4fte"},"content":{"rendered":"<section class=\"l-section wpb_row height_small\"><div class=\"l-section-h i-cf\"><div class=\"g-cols vc_row via_flex valign_top type_default stacking_default\"><div class=\"vc_col-sm-12 wpb_column vc_column_container\"><div class=\"vc_column-inner\"><div class=\"wpb_wrapper\"><div class=\"wpb_text_column\"><div class=\"wpb_wrapper\"><h1>Sprechzeiten der Lehrkr\u00e4fte&nbsp;<\/h1>\n<p>Liebe Eltern,<\/p>\n<p>eine gute Zusammenarbeit der Erziehungsberechtigten mit der Schule ist in hohem Ma\u00dfe wichtig f\u00fcr den Schulerfolg Ihrer Kinder.&nbsp;<\/p>\n<p>Wir bitten Sie, sich bei den betreffenden Lehrern per Mail oder \u00fcber das Mitteilungsheft des Kindes zu melden, damit ein Termin gefunden werden kann. Bitte melden Sie sich vor dem Gespr\u00e4ch im Sekretariat an.<\/p>\n<\/div><\/div><div class=\"wpb_text_column\"><div class=\"wpb_wrapper\"><\/div><\/div><\/div><\/div><\/div><\/div><\/div><\/section><section class=\"l-section wpb_row height_small\"><div class=\"l-section-h i-cf\"><div class=\"g-cols vc_row via_flex valign_top type_default stacking_default\"><div class=\"vc_col-sm-12 wpb_column vc_column_container\"><div class=\"vc_column-inner\"><div class=\"wpb_wrapper\">[vc_raw_html]JTVCdGFibGUlMjBpZCUzRDMlMjAlMkYlNUQ=[\/vc_raw_html]<\/div><\/div><\/div><\/div><\/div><\/section>\n<p>&nbsp;<\/p>\n<p>&nbsp;Wir nehmen jede Beschwerde <b>ernst&nbsp;<\/b>und h\u00f6ren Ihnen&nbsp;<b>gerne zu<\/b>. Sie sind der Anlass, Unstimmigkeiten und Sachverhalte zu pr\u00fcfen, mit dem Ziel diese zu beheben. Wir bitten Sie daher darum, einen zeitnahen&nbsp;<b>Gespr\u00e4chstermin mit der oder den betreffenden Personen zu vereinbaren<\/b>. Meistens lassen sich Beschwerden oder Probleme schon im ersten Gespr\u00e4ch l\u00f6sen, falls Sie keine L\u00f6sung und auch kein Kompromiss finden, wenden Sie sich bitte an die Klassenlehrkraft. Vermittelnd k\u00f6nnen hierbei andere Eltern oder auch Lehrkr\u00e4fte, sowie die Schulsozialarbeit behilflich sein. Erst nach diesen Schritten wenden Sie sich bitte an die Schulleitung.<\/p>\n<p>&nbsp;<\/p>\n\n<div class=\"wp-block-image\">\n<figure class=\"aligncenter size-full\"><img loading=\"lazy\" decoding=\"async\" width=\"616\" height=\"944\" src=\"https:\/\/www.jossfritzschule.de\/gs\/wp-content\/uploads\/2024\/07\/elternbeschwerden-1.jpg\" alt=\"\" class=\"wp-image-3722\" srcset=\"https:\/\/www.jossfritzschule.de\/gs\/wp-content\/uploads\/2024\/07\/elternbeschwerden-1.jpg 616w, https:\/\/www.jossfritzschule.de\/gs\/wp-content\/uploads\/2024\/07\/elternbeschwerden-1-196x300.jpg 196w\" sizes=\"auto, (max-width: 616px) 100vw, 616px\" \/><\/figure><\/div>","protected":false},"excerpt":{"rendered":"<p>&nbsp; &nbsp;Wir nehmen jede Beschwerde ernst&nbsp;und h\u00f6ren Ihnen&nbsp;gerne zu. Sie sind der Anlass, Unstimmigkeiten und Sachverhalte zu pr\u00fcfen, mit dem Ziel diese zu beheben. Wir bitten Sie daher darum, einen zeitnahen&nbsp;Gespr\u00e4chstermin mit der oder den betreffenden Personen zu vereinbaren. Meistens lassen sich Beschwerden oder Probleme schon im ersten Gespr\u00e4ch l\u00f6sen, falls Sie keine L\u00f6sung und&#8230;<\/p>\n","protected":false},"author":2,"featured_media":0,"parent":253,"menu_order":420,"comment_status":"closed","ping_status":"closed","template":"","meta":{"ngg_post_thumbnail":0,"footnotes":""},"class_list":["post-269","page","type-page","status-publish","hentry"],"post_mailing_queue_ids":[],"_links":{"self":[{"href":"https:\/\/www.jossfritzschule.de\/gs\/wp-json\/wp\/v2\/pages\/269","targetHints":{"allow":["GET"]}}],"collection":[{"href":"https:\/\/www.jossfritzschule.de\/gs\/wp-json\/wp\/v2\/pages"}],"about":[{"href":"https:\/\/www.jossfritzschule.de\/gs\/wp-json\/wp\/v2\/types\/page"}],"author":[{"embeddable":true,"href":"https:\/\/www.jossfritzschule.de\/gs\/wp-json\/wp\/v2\/users\/2"}],"replies":[{"embeddable":true,"href":"https:\/\/www.jossfritzschule.de\/gs\/wp-json\/wp\/v2\/comments?post=269"}],"version-history":[{"count":18,"href":"https:\/\/www.jossfritzschule.de\/gs\/wp-json\/wp\/v2\/pages\/269\/revisions"}],"predecessor-version":[{"id":3723,"href":"https:\/\/www.jossfritzschule.de\/gs\/wp-json\/wp\/v2\/pages\/269\/revisions\/3723"}],"up":[{"embeddable":true,"href":"https:\/\/www.jossfritzschule.de\/gs\/wp-json\/wp\/v2\/pages\/253"}],"wp:attachment":[{"href":"https:\/\/www.jossfritzschule.de\/gs\/wp-json\/wp\/v2\/media?parent=269"}],"curies":[{"name":"wp","href":"https:\/\/api.w.org\/{rel}","templated":true}]}}