{"id":3102,"date":"2023-10-14T14:37:17","date_gmt":"2023-10-14T14:37:17","guid":{"rendered":"https:\/\/www.jossfritzschule.de\/gs\/?page_id=3102"},"modified":"2026-01-18T20:37:24","modified_gmt":"2026-01-18T20:37:24","slug":"kooperationen-2","status":"publish","type":"page","link":"https:\/\/www.jossfritzschule.de\/gs\/kooperationen\/kooperationen-2\/","title":{"rendered":"Kooperationspartner"},"content":{"rendered":"<section class=\"l-section wpb_row height_small\"><div class=\"l-section-h i-cf\"><div class=\"g-cols vc_row via_flex valign_top type_default stacking_default\"><div class=\"vc_col-sm-12 wpb_column vc_column_container\"><div class=\"vc_column-inner\"><div class=\"wpb_wrapper\"><\/div><\/div><\/div><\/div><\/div><\/section><section class=\"l-section wpb_row height_small\"><div class=\"l-section-h i-cf\"><div class=\"g-cols vc_row via_flex valign_top type_default stacking_default\"><div class=\"vc_col-sm-4 wpb_column vc_column_container\"><div class=\"vc_column-inner\"><div class=\"wpb_wrapper\"><div class=\"w-person layout_cards\" itemscope itemtype=\"https:\/\/schema.org\/Person\"><div class=\"w-person-image\"><a href=\"https:\/\/www.z-lab-bruchsal.de\/\" class=\"w-person-link\" aria-label=\"Z- Lab Bruchsal\"><img loading=\"lazy\" decoding=\"async\" width=\"549\" height=\"215\" src=\"https:\/\/www.jossfritzschule.de\/gs\/wp-content\/uploads\/2023\/10\/z-lab.jpg\" class=\"attachment-large size-large\" alt=\"\" srcset=\"https:\/\/www.jossfritzschule.de\/gs\/wp-content\/uploads\/2023\/10\/z-lab.jpg 549w, https:\/\/www.jossfritzschule.de\/gs\/wp-content\/uploads\/2023\/10\/z-lab-300x117.jpg 300w\" sizes=\"auto, (max-width: 549px) 100vw, 549px\" \/><\/a><\/div><div class=\"w-person-content\"><a href=\"https:\/\/www.z-lab-bruchsal.de\/\" class=\"w-person-link\" aria-label=\"Z- Lab Bruchsal\"><h4 itemprop=\"name\" class=\"w-person-name\"><span>Z- Lab Bruchsal<\/span><\/h4><\/a><\/div><\/div><\/div><\/div><\/div><div class=\"vc_col-sm-4 wpb_column vc_column_container\"><div class=\"vc_column-inner\"><div class=\"wpb_wrapper\"><div class=\"w-person layout_cards\" itemscope itemtype=\"https:\/\/schema.org\/Person\"><div class=\"w-person-image\"><a href=\"https:\/\/www.biss-sprachbildung.de\/\" class=\"w-person-link\" aria-label=\"BiSS Transfer\"><img loading=\"lazy\" decoding=\"async\" width=\"427\" height=\"202\" src=\"https:\/\/www.jossfritzschule.de\/gs\/wp-content\/uploads\/2023\/10\/BiSS.jpg\" class=\"attachment-large size-large\" alt=\"\" srcset=\"https:\/\/www.jossfritzschule.de\/gs\/wp-content\/uploads\/2023\/10\/BiSS.jpg 427w, https:\/\/www.jossfritzschule.de\/gs\/wp-content\/uploads\/2023\/10\/BiSS-300x142.jpg 300w\" sizes=\"auto, (max-width: 427px) 100vw, 427px\" \/><\/a><\/div><div class=\"w-person-content\"><a href=\"https:\/\/www.biss-sprachbildung.de\/\" class=\"w-person-link\" aria-label=\"BiSS Transfer\"><h4 itemprop=\"name\" class=\"w-person-name\"><span>BiSS Transfer<\/span><\/h4><\/a><\/div><\/div><\/div><\/div><\/div><div class=\"vc_col-sm-4 wpb_column vc_column_container\"><div class=\"vc_column-inner\"><div class=\"wpb_wrapper\"><div class=\"w-person layout_cards\" itemscope itemtype=\"https:\/\/schema.org\/Person\"><div class=\"w-person-image\"><a href=\"https:\/\/saengerbund-obergrombach.de\/\" class=\"w-person-link\" aria-label=\"S\u00e4ngerbund Obergrombach\"><img loading=\"lazy\" decoding=\"async\" width=\"1024\" height=\"550\" src=\"https:\/\/www.jossfritzschule.de\/gs\/wp-content\/uploads\/2024\/01\/saengerbund-1024x550.jpg\" class=\"attachment-large size-large\" alt=\"\" srcset=\"https:\/\/www.jossfritzschule.de\/gs\/wp-content\/uploads\/2024\/01\/saengerbund-1024x550.jpg 1024w, https:\/\/www.jossfritzschule.de\/gs\/wp-content\/uploads\/2024\/01\/saengerbund-300x161.jpg 300w, https:\/\/www.jossfritzschule.de\/gs\/wp-content\/uploads\/2024\/01\/saengerbund.jpg 1680w\" sizes=\"auto, (max-width: 1024px) 100vw, 1024px\" \/><\/a><\/div><div class=\"w-person-content\"><a href=\"https:\/\/saengerbund-obergrombach.de\/\" class=\"w-person-link\" aria-label=\"S\u00e4ngerbund Obergrombach\"><h4 itemprop=\"name\" class=\"w-person-name\"><span>S\u00e4ngerbund Obergrombach<\/span><\/h4><\/a><\/div><\/div><\/div><\/div><\/div><\/div><\/div><\/section><section class=\"l-section wpb_row height_small\"><div class=\"l-section-h i-cf\"><div class=\"g-cols vc_row via_flex valign_top type_default stacking_default\"><div class=\"vc_col-sm-12 wpb_column vc_column_container\"><div class=\"vc_column-inner\"><div class=\"wpb_wrapper\"><div class=\"wpb_text_column\"><div class=\"wpb_wrapper\"><\/div><\/div><\/div><\/div><\/div><\/div><\/div><\/section><section class=\"l-section wpb_row height_small\"><div class=\"l-section-h i-cf\"><div class=\"g-cols vc_row via_flex valign_top type_default stacking_default\"><div class=\"vc_col-sm-4 wpb_column vc_column_container\"><div class=\"vc_column-inner\"><div class=\"wpb_wrapper\"><div class=\"w-person layout_cards\" itemscope itemtype=\"https:\/\/schema.org\/Person\"><div class=\"w-person-image\"><a href=\"https:\/\/www.bruchsaler-bildungsstiftung.de\/\" class=\"w-person-link\" aria-label=\"Bildungsstiftung Bruchsal\"><img loading=\"lazy\" decoding=\"async\" width=\"366\" height=\"122\" src=\"https:\/\/www.jossfritzschule.de\/gs\/wp-content\/uploads\/2023\/10\/bildungsstiftung.jpg\" class=\"attachment-large size-large\" alt=\"\" srcset=\"https:\/\/www.jossfritzschule.de\/gs\/wp-content\/uploads\/2023\/10\/bildungsstiftung.jpg 366w, https:\/\/www.jossfritzschule.de\/gs\/wp-content\/uploads\/2023\/10\/bildungsstiftung-300x100.jpg 300w\" sizes=\"auto, (max-width: 366px) 100vw, 366px\" \/><\/a><\/div><div class=\"w-person-content\"><a href=\"https:\/\/www.bruchsaler-bildungsstiftung.de\/\" class=\"w-person-link\" aria-label=\"Bildungsstiftung Bruchsal\"><h4 itemprop=\"name\" class=\"w-person-name\"><span>Bildungsstiftung Bruchsal<\/span><\/h4><\/a><\/div><\/div><\/div><\/div><\/div><div class=\"vc_col-sm-4 wpb_column vc_column_container\"><div class=\"vc_column-inner\"><div class=\"wpb_wrapper\"><div class=\"w-person layout_cards\" itemscope itemtype=\"https:\/\/schema.org\/Person\"><div class=\"w-person-image\"><a href=\"https:\/\/buergerstiftung-bruchsal.de\/\" class=\"w-person-link\" aria-label=\"B\u00fcrgerstiftung Bruchsal\"><img loading=\"lazy\" decoding=\"async\" width=\"195\" height=\"156\" src=\"https:\/\/www.jossfritzschule.de\/gs\/wp-content\/uploads\/2023\/10\/buergerstiftung.jpg\" class=\"attachment-large size-large\" alt=\"\" \/><\/a><\/div><div class=\"w-person-content\"><a href=\"https:\/\/buergerstiftung-bruchsal.de\/\" class=\"w-person-link\" aria-label=\"B\u00fcrgerstiftung Bruchsal\"><h4 itemprop=\"name\" class=\"w-person-name\"><span>B\u00fcrgerstiftung Bruchsal<\/span><\/h4><\/a><\/div><\/div><\/div><\/div><\/div><div class=\"vc_col-sm-4 wpb_column vc_column_container\"><div class=\"vc_column-inner\"><div class=\"wpb_wrapper\"><div class=\"w-person layout_cards\" itemscope itemtype=\"https:\/\/schema.org\/Person\"><div class=\"w-person-image\"><a href=\"https:\/\/www.jugendstiftung.de\/\" class=\"w-person-link\" aria-label=\"Jugendstiftung Baden- W\u00fcrttemberg\"><img loading=\"lazy\" decoding=\"async\" width=\"1024\" height=\"819\" src=\"https:\/\/www.jossfritzschule.de\/gs\/wp-content\/uploads\/2023\/10\/jugendstuiftung-1024x819.png\" class=\"attachment-large size-large\" alt=\"\" srcset=\"https:\/\/www.jossfritzschule.de\/gs\/wp-content\/uploads\/2023\/10\/jugendstuiftung-1024x819.png 1024w, https:\/\/www.jossfritzschule.de\/gs\/wp-content\/uploads\/2023\/10\/jugendstuiftung-300x240.png 300w, https:\/\/www.jossfritzschule.de\/gs\/wp-content\/uploads\/2023\/10\/jugendstuiftung.png 1042w\" sizes=\"auto, (max-width: 1024px) 100vw, 1024px\" \/><\/a><\/div><div class=\"w-person-content\"><a href=\"https:\/\/www.jugendstiftung.de\/\" class=\"w-person-link\" aria-label=\"Jugendstiftung Baden- W\u00fcrttemberg\"><h4 itemprop=\"name\" class=\"w-person-name\"><span>Jugendstiftung Baden- W\u00fcrttemberg<\/span><\/h4><\/a><\/div><\/div><\/div><\/div><\/div><\/div><\/div><\/section><section class=\"l-section wpb_row height_small\"><div class=\"l-section-h i-cf\"><div class=\"g-cols vc_row via_flex valign_top type_default stacking_default\"><div class=\"vc_col-sm-12 wpb_column vc_column_container\"><div class=\"vc_column-inner\"><div class=\"wpb_wrapper\"><div class=\"wpb_text_column\"><div class=\"wpb_wrapper\"><\/div><\/div><\/div><\/div><\/div><div class=\"vc_col-sm-12 wpb_column vc_column_container\"><div class=\"vc_column-inner\"><div class=\"wpb_wrapper\"><\/div><\/div><\/div><\/div><\/div><\/section><section class=\"l-section wpb_row height_small\"><div class=\"l-section-h i-cf\"><div class=\"g-cols vc_row via_flex valign_top type_default stacking_default\"><div class=\"vc_col-sm-4 wpb_column vc_column_container\"><div class=\"vc_column-inner\"><div class=\"wpb_wrapper\"><div class=\"w-person layout_cards\" itemscope itemtype=\"https:\/\/schema.org\/Person\"><div class=\"w-person-image\"><a href=\"https:\/\/www.badische-landesbuehne.de\/\" class=\"w-person-link\" aria-label=\"Badische Landesb\u00fchne Bruchsal\"><img loading=\"lazy\" decoding=\"async\" width=\"540\" height=\"164\" src=\"https:\/\/www.jossfritzschule.de\/gs\/wp-content\/uploads\/2023\/10\/blb.jpg\" class=\"attachment-large size-large\" alt=\"\" srcset=\"https:\/\/www.jossfritzschule.de\/gs\/wp-content\/uploads\/2023\/10\/blb.jpg 540w, https:\/\/www.jossfritzschule.de\/gs\/wp-content\/uploads\/2023\/10\/blb-300x91.jpg 300w\" sizes=\"auto, (max-width: 540px) 100vw, 540px\" \/><\/a><\/div><div class=\"w-person-content\"><a href=\"https:\/\/www.badische-landesbuehne.de\/\" class=\"w-person-link\" aria-label=\"Badische Landesb\u00fchne Bruchsal\"><h4 itemprop=\"name\" class=\"w-person-name\"><span>Badische Landesb\u00fchne Bruchsal<\/span><\/h4><\/a><\/div><\/div><\/div><\/div><\/div><div class=\"vc_col-sm-4 wpb_column vc_column_container\"><div class=\"vc_column-inner\"><div class=\"wpb_wrapper\"><div class=\"w-person layout_cards\" itemscope itemtype=\"https:\/\/schema.org\/Person\"><div class=\"w-person-image\"><a href=\"http:\/\/www.tkv-bundschuh.de\/\" class=\"w-person-link\" aria-label=\"Theater- und Kulturverein Untergrombach\"><img loading=\"lazy\" decoding=\"async\" width=\"621\" height=\"122\" src=\"https:\/\/www.jossfritzschule.de\/gs\/wp-content\/uploads\/2023\/10\/tkv-1.jpg\" class=\"attachment-large size-large\" alt=\"\" srcset=\"https:\/\/www.jossfritzschule.de\/gs\/wp-content\/uploads\/2023\/10\/tkv-1.jpg 621w, https:\/\/www.jossfritzschule.de\/gs\/wp-content\/uploads\/2023\/10\/tkv-1-300x59.jpg 300w\" sizes=\"auto, (max-width: 621px) 100vw, 621px\" \/><\/a><\/div><div class=\"w-person-content\"><a href=\"http:\/\/www.tkv-bundschuh.de\/\" class=\"w-person-link\" aria-label=\"Theater- und Kulturverein Untergrombach\"><h4 itemprop=\"name\" class=\"w-person-name\"><span>Theater- und Kulturverein Untergrombach<\/span><\/h4><\/a><\/div><\/div><\/div><\/div><\/div><div class=\"vc_col-sm-4 wpb_column vc_column_container\"><div class=\"vc_column-inner\"><div class=\"wpb_wrapper\"><div class=\"w-person layout_cards\" itemscope itemtype=\"https:\/\/schema.org\/Person\"><div class=\"w-person-image\"><a href=\"https:\/\/www.musikverein-untergrombach.de\/\" class=\"w-person-link\" aria-label=\"Musikverein Untergrombach\"><img loading=\"lazy\" decoding=\"async\" width=\"584\" height=\"541\" src=\"https:\/\/www.jossfritzschule.de\/gs\/wp-content\/uploads\/2023\/10\/mvU.jpg\" class=\"attachment-large size-large\" alt=\"\" srcset=\"https:\/\/www.jossfritzschule.de\/gs\/wp-content\/uploads\/2023\/10\/mvU.jpg 584w, https:\/\/www.jossfritzschule.de\/gs\/wp-content\/uploads\/2023\/10\/mvU-300x278.jpg 300w\" sizes=\"auto, (max-width: 584px) 100vw, 584px\" \/><\/a><\/div><div class=\"w-person-content\"><a href=\"https:\/\/www.musikverein-untergrombach.de\/\" class=\"w-person-link\" aria-label=\"Musikverein Untergrombach\"><h4 itemprop=\"name\" class=\"w-person-name\"><span>Musikverein Untergrombach<\/span><\/h4><\/a><\/div><\/div><\/div><\/div><\/div><\/div><\/div><\/section><section class=\"l-section wpb_row height_small\"><div class=\"l-section-h i-cf\"><div class=\"g-cols vc_row via_flex valign_top type_default stacking_default\"><div class=\"vc_col-sm-12 wpb_column vc_column_container\"><div class=\"vc_column-inner\"><div class=\"wpb_wrapper\"><div class=\"wpb_text_column\"><div class=\"wpb_wrapper\"><\/div><\/div><\/div><\/div><\/div><\/div><\/div><\/section><section class=\"l-section wpb_row height_small\"><div class=\"l-section-h i-cf\"><div class=\"g-cols vc_row via_flex valign_top type_default stacking_default\"><div class=\"vc_col-sm-4 wpb_column vc_column_container\"><div class=\"vc_column-inner\"><div class=\"wpb_wrapper\"><div class=\"w-person layout_cards\" itemscope itemtype=\"https:\/\/schema.org\/Person\"><div class=\"w-person-image\"><a href=\"https:\/\/www.foerderverein-der-jfs.de\/\" class=\"w-person-link\" aria-label=\"F\u00f6rderverein der JFS\"><img loading=\"lazy\" decoding=\"async\" width=\"428\" height=\"432\" src=\"https:\/\/www.jossfritzschule.de\/gs\/wp-content\/uploads\/2023\/10\/foevjfs.jpg\" class=\"attachment-large size-large\" alt=\"\" srcset=\"https:\/\/www.jossfritzschule.de\/gs\/wp-content\/uploads\/2023\/10\/foevjfs.jpg 428w, https:\/\/www.jossfritzschule.de\/gs\/wp-content\/uploads\/2023\/10\/foevjfs-297x300.jpg 297w, https:\/\/www.jossfritzschule.de\/gs\/wp-content\/uploads\/2023\/10\/foevjfs-150x150.jpg 150w\" sizes=\"auto, (max-width: 428px) 100vw, 428px\" \/><\/a><\/div><div class=\"w-person-content\"><a href=\"https:\/\/www.foerderverein-der-jfs.de\/\" class=\"w-person-link\" aria-label=\"F\u00f6rderverein der JFS\"><h4 itemprop=\"name\" class=\"w-person-name\"><span>F\u00f6rderverein der JFS<\/span><\/h4><\/a><\/div><\/div><\/div><\/div><\/div><div class=\"vc_col-sm-4 wpb_column vc_column_container\"><div class=\"vc_column-inner\"><div class=\"wpb_wrapper\"><div class=\"w-person layout_cards\" itemscope itemtype=\"https:\/\/schema.org\/Person\"><div class=\"w-person-image\"><a href=\"https:\/\/www.muksbruchsal.de\/\" class=\"w-person-link\" aria-label=\"Musik- und Kunstschule Bruchsal\"><img loading=\"lazy\" decoding=\"async\" width=\"127\" height=\"183\" src=\"https:\/\/www.jossfritzschule.de\/gs\/wp-content\/uploads\/2023\/10\/muks.jpg\" class=\"attachment-large size-large\" alt=\"\" \/><\/a><\/div><div class=\"w-person-content\"><a href=\"https:\/\/www.muksbruchsal.de\/\" class=\"w-person-link\" aria-label=\"Musik- und Kunstschule Bruchsal\"><h4 itemprop=\"name\" class=\"w-person-name\"><span>Musik- und Kunstschule Bruchsal<\/span><\/h4><\/a><\/div><\/div><\/div><\/div><\/div><div class=\"vc_col-sm-4 wpb_column vc_column_container\"><div class=\"vc_column-inner\"><div class=\"wpb_wrapper\"><div class=\"w-person layout_cards\" itemscope itemtype=\"https:\/\/schema.org\/Person\"><div class=\"w-person-image\"><img loading=\"lazy\" decoding=\"async\" width=\"335\" height=\"398\" src=\"https:\/\/www.jossfritzschule.de\/gs\/wp-content\/uploads\/2023\/10\/edeka.jpg\" class=\"attachment-large size-large\" alt=\"\" srcset=\"https:\/\/www.jossfritzschule.de\/gs\/wp-content\/uploads\/2023\/10\/edeka.jpg 335w, https:\/\/www.jossfritzschule.de\/gs\/wp-content\/uploads\/2023\/10\/edeka-253x300.jpg 253w\" sizes=\"auto, (max-width: 335px) 100vw, 335px\" \/><\/div><div class=\"w-person-content\"><h4 itemprop=\"name\" class=\"w-person-name\"><span>Edeka D\u00f6rner<\/span><\/h4><\/div><\/div><\/div><\/div><\/div><\/div><\/div><\/section><section class=\"l-section wpb_row height_small\"><div class=\"l-section-h i-cf\"><div class=\"g-cols vc_row via_flex valign_top type_default stacking_default\"><div class=\"vc_col-sm-4 wpb_column vc_column_container\"><div class=\"vc_column-inner\"><div class=\"wpb_wrapper\"><div class=\"wpb_text_column\"><div class=\"wpb_wrapper\"><\/div><\/div><div class=\"w-person layout_cards\" itemscope itemtype=\"https:\/\/schema.org\/Person\"><div class=\"w-person-image\"><a href=\"https:\/\/dietmar-hopp-stiftung.de\/\" class=\"w-person-link\" aria-label=\"Dietmar Hopp Stiftung\"><img loading=\"lazy\" decoding=\"async\" width=\"225\" height=\"225\" src=\"https:\/\/www.jossfritzschule.de\/gs\/wp-content\/uploads\/2024\/01\/hopp.jpg\" class=\"attachment-large size-large\" alt=\"\" srcset=\"https:\/\/www.jossfritzschule.de\/gs\/wp-content\/uploads\/2024\/01\/hopp.jpg 225w, https:\/\/www.jossfritzschule.de\/gs\/wp-content\/uploads\/2024\/01\/hopp-150x150.jpg 150w\" sizes=\"auto, (max-width: 225px) 100vw, 225px\" \/><\/a><\/div><div class=\"w-person-content\"><a href=\"https:\/\/dietmar-hopp-stiftung.de\/\" class=\"w-person-link\" aria-label=\"Dietmar Hopp Stiftung\"><h4 itemprop=\"name\" class=\"w-person-name\"><span>Dietmar Hopp Stiftung<\/span><\/h4><\/a><\/div><\/div><\/div><\/div><\/div><div class=\"vc_col-sm-4 wpb_column vc_column_container\"><div class=\"vc_column-inner\"><div class=\"wpb_wrapper\"><div class=\"w-person layout_cards\" itemscope itemtype=\"https:\/\/schema.org\/Person\"><div class=\"w-person-image\"><a href=\"https:\/\/hector-kinderakademie.de\/\" class=\"w-person-link\" aria-label=\"Hector Kinderakademie\"><img loading=\"lazy\" decoding=\"async\" width=\"253\" height=\"199\" src=\"https:\/\/www.jossfritzschule.de\/gs\/wp-content\/uploads\/2024\/07\/hektor.png\" class=\"attachment-large size-large\" alt=\"\" \/><\/a><\/div><div class=\"w-person-content\"><a href=\"https:\/\/hector-kinderakademie.de\/\" class=\"w-person-link\" aria-label=\"Hector Kinderakademie\"><h4 itemprop=\"name\" class=\"w-person-name\"><span>Hector Kinderakademie<\/span><\/h4><\/a><\/div><\/div><\/div><\/div><\/div><div class=\"vc_col-sm-4 wpb_column vc_column_container\"><div class=\"vc_column-inner\"><div class=\"wpb_wrapper\"><div class=\"w-person layout_cards\" itemscope itemtype=\"https:\/\/schema.org\/Person\"><div class=\"w-person-image\"><a href=\"https:\/\/www.fc-untergrombach.de\/\" class=\"w-person-link\" aria-label=\"Fu\u00dfballclub Untergrombach\"><img loading=\"lazy\" decoding=\"async\" width=\"532\" height=\"380\" src=\"https:\/\/www.jossfritzschule.de\/gs\/wp-content\/uploads\/2023\/10\/fcu.jpg\" class=\"attachment-large size-large\" alt=\"\" srcset=\"https:\/\/www.jossfritzschule.de\/gs\/wp-content\/uploads\/2023\/10\/fcu.jpg 532w, https:\/\/www.jossfritzschule.de\/gs\/wp-content\/uploads\/2023\/10\/fcu-300x214.jpg 300w\" sizes=\"auto, (max-width: 532px) 100vw, 532px\" \/><\/a><\/div><div class=\"w-person-content\"><a href=\"https:\/\/www.fc-untergrombach.de\/\" class=\"w-person-link\" aria-label=\"Fu\u00dfballclub Untergrombach\"><h4 itemprop=\"name\" class=\"w-person-name\"><span>Fu\u00dfballclub Untergrombach<\/span><\/h4><\/a><\/div><\/div><\/div><\/div><\/div><\/div><\/div><\/section><section class=\"l-section wpb_row height_small\"><div class=\"l-section-h i-cf\"><div class=\"g-cols vc_row via_flex valign_top type_default stacking_default\"><div class=\"vc_col-sm-4 wpb_column vc_column_container\"><div class=\"vc_column-inner\"><div class=\"wpb_wrapper\"><div class=\"w-person layout_cards\" itemscope itemtype=\"https:\/\/schema.org\/Person\"><div class=\"w-person-image\"><a href=\"https:\/\/bruchsal.dlrg.de\/\" class=\"w-person-link\" aria-label=\"DLRG Bruchsal\"><img loading=\"lazy\" decoding=\"async\" width=\"225\" height=\"225\" src=\"https:\/\/www.jossfritzschule.de\/gs\/wp-content\/uploads\/2024\/07\/dlrgf.png\" class=\"attachment-large size-large\" alt=\"\" srcset=\"https:\/\/www.jossfritzschule.de\/gs\/wp-content\/uploads\/2024\/07\/dlrgf.png 225w, https:\/\/www.jossfritzschule.de\/gs\/wp-content\/uploads\/2024\/07\/dlrgf-150x150.png 150w\" sizes=\"auto, (max-width: 225px) 100vw, 225px\" \/><\/a><\/div><div class=\"w-person-content\"><a href=\"https:\/\/bruchsal.dlrg.de\/\" class=\"w-person-link\" aria-label=\"DLRG Bruchsal\"><h4 itemprop=\"name\" class=\"w-person-name\"><span>DLRG Bruchsal<\/span><\/h4><\/a><\/div><\/div><\/div><\/div><\/div><div class=\"vc_col-sm-4 wpb_column vc_column_container\"><div class=\"vc_column-inner\"><div class=\"wpb_wrapper\"><div class=\"w-person layout_cards\" itemscope itemtype=\"https:\/\/schema.org\/Person\"><div class=\"w-person-image\"><a href=\"https:\/\/www.ph-karlsruhe.de\/\" class=\"w-person-link\" aria-label=\"P\u00e4dagogische Hochschule Karlsruhe\"><img loading=\"lazy\" decoding=\"async\" width=\"355\" height=\"205\" src=\"https:\/\/www.jossfritzschule.de\/gs\/wp-content\/uploads\/2024\/07\/Ph.jpg\" class=\"attachment-large size-large\" alt=\"\" srcset=\"https:\/\/www.jossfritzschule.de\/gs\/wp-content\/uploads\/2024\/07\/Ph.jpg 355w, https:\/\/www.jossfritzschule.de\/gs\/wp-content\/uploads\/2024\/07\/Ph-300x173.jpg 300w\" sizes=\"auto, (max-width: 355px) 100vw, 355px\" \/><\/a><\/div><div class=\"w-person-content\"><a href=\"https:\/\/www.ph-karlsruhe.de\/\" class=\"w-person-link\" aria-label=\"P\u00e4dagogische Hochschule Karlsruhe\"><h4 itemprop=\"name\" class=\"w-person-name\"><span>P\u00e4dagogische Hochschule Karlsruhe<\/span><\/h4><\/a><\/div><\/div><\/div><\/div><\/div><div class=\"vc_col-sm-4 wpb_column vc_column_container\"><div class=\"vc_column-inner\"><div class=\"wpb_wrapper\"><div class=\"w-person layout_cards\" itemscope itemtype=\"https:\/\/schema.org\/Person\"><div class=\"w-person-image\"><a href=\"https:\/\/gs-pf.seminare-bw.de\/Startseite\" class=\"w-person-link\" aria-label=\"Seminar Pforzheim\"><img loading=\"lazy\" decoding=\"async\" width=\"1024\" height=\"112\" src=\"https:\/\/www.jossfritzschule.de\/gs\/wp-content\/uploads\/2026\/01\/BaWue_Logo_rgb_pos-1024x112.jpeg\" class=\"attachment-large size-large\" alt=\"\" srcset=\"https:\/\/www.jossfritzschule.de\/gs\/wp-content\/uploads\/2026\/01\/BaWue_Logo_rgb_pos-1024x112.jpeg 1024w, https:\/\/www.jossfritzschule.de\/gs\/wp-content\/uploads\/2026\/01\/BaWue_Logo_rgb_pos-300x33.jpeg 300w\" sizes=\"auto, (max-width: 1024px) 100vw, 1024px\" \/><\/a><\/div><div class=\"w-person-content\"><a href=\"https:\/\/gs-pf.seminare-bw.de\/Startseite\" class=\"w-person-link\" aria-label=\"Seminar Pforzheim\"><h4 itemprop=\"name\" class=\"w-person-name\"><span>Seminar Pforzheim<\/span><\/h4><\/a><\/div><\/div><\/div><\/div><\/div><\/div><\/div><\/section><section class=\"l-section wpb_row height_small\"><div class=\"l-section-h i-cf\"><div class=\"g-cols vc_row via_flex valign_top type_default stacking_default\"><div class=\"vc_col-sm-4 wpb_column vc_column_container\"><div class=\"vc_column-inner\"><div class=\"wpb_wrapper\"><div class=\"w-person layout_cards\" itemscope itemtype=\"https:\/\/schema.org\/Person\"><div class=\"w-person-image\"><img loading=\"lazy\" decoding=\"async\" width=\"353\" height=\"143\" src=\"https:\/\/www.jossfritzschule.de\/gs\/wp-content\/uploads\/2024\/07\/braunbarth.png\" class=\"attachment-large size-large\" alt=\"\" srcset=\"https:\/\/www.jossfritzschule.de\/gs\/wp-content\/uploads\/2024\/07\/braunbarth.png 353w, https:\/\/www.jossfritzschule.de\/gs\/wp-content\/uploads\/2024\/07\/braunbarth-300x122.png 300w, https:\/\/www.jossfritzschule.de\/gs\/wp-content\/uploads\/2024\/07\/braunbarth-350x143.png 350w\" sizes=\"auto, (max-width: 353px) 100vw, 353px\" \/><\/div><div class=\"w-person-content\"><h4 itemprop=\"name\" class=\"w-person-name\"><span>Buchhandlung Braunbarth<\/span><\/h4><\/div><\/div><\/div><\/div><\/div><div class=\"vc_col-sm-4 wpb_column vc_column_container\"><div class=\"vc_column-inner\"><div class=\"wpb_wrapper\"><div class=\"w-person layout_cards\" itemscope itemtype=\"https:\/\/schema.org\/Person\"><div class=\"w-person-image\"><a href=\"https:\/\/www.alwa-mineralwasser.de\/foerderung\/\" class=\"w-person-link\" aria-label=\"alwa Stiftung\"><img loading=\"lazy\" decoding=\"async\" width=\"184\" height=\"300\" src=\"https:\/\/www.jossfritzschule.de\/gs\/wp-content\/uploads\/2025\/11\/251106_GZP-Siegel_Auszeichnung2025-40x65mm_RZ-1-184x300.jpg\" class=\"attachment-medium size-medium\" alt=\"\" srcset=\"https:\/\/www.jossfritzschule.de\/gs\/wp-content\/uploads\/2025\/11\/251106_GZP-Siegel_Auszeichnung2025-40x65mm_RZ-1-184x300.jpg 184w, https:\/\/www.jossfritzschule.de\/gs\/wp-content\/uploads\/2025\/11\/251106_GZP-Siegel_Auszeichnung2025-40x65mm_RZ-1.jpg 472w\" sizes=\"auto, (max-width: 184px) 100vw, 184px\" \/><\/a><\/div><div class=\"w-person-content\"><a href=\"https:\/\/www.alwa-mineralwasser.de\/foerderung\/\" class=\"w-person-link\" aria-label=\"alwa Stiftung\"><h4 itemprop=\"name\" class=\"w-person-name\"><span>alwa Stiftung<\/span><\/h4><\/a><\/div><\/div><\/div><\/div><\/div><div class=\"vc_col-sm-4 wpb_column vc_column_container\"><div class=\"vc_column-inner\"><div class=\"wpb_wrapper\"><\/div><\/div><\/div><\/div><\/div><\/section><!-- \/wp:post-content -->","protected":false},"excerpt":{"rendered":"Z- Lab BruchsalBiSS TransferS\u00e4ngerbund ObergrombachBildungsstiftung BruchsalB\u00fcrgerstiftung BruchsalJugendstiftung Baden- W\u00fcrttembergBadische Landesb\u00fchne BruchsalTheater- und Kulturverein UntergrombachMusikverein UntergrombachF\u00f6rderverein der JFSMusik- und Kunstschule BruchsalEdeka D\u00f6rner Dietmar Hopp StiftungHector KinderakademieFu\u00dfballclub UntergrombachDLRG BruchsalP\u00e4dagogische Hochschule KarlsruheSeminar PforzheimBuchhandlung Braunbarthalwa Stiftung","protected":false},"author":3,"featured_media":4471,"parent":3097,"menu_order":0,"comment_status":"closed","ping_status":"closed","template":"","meta":{"ngg_post_thumbnail":0,"footnotes":""},"class_list":["post-3102","page","type-page","status-publish","has-post-thumbnail","hentry"],"post_mailing_queue_ids":[],"_links":{"self":[{"href":"https:\/\/www.jossfritzschule.de\/gs\/wp-json\/wp\/v2\/pages\/3102","targetHints":{"allow":["GET"]}}],"collection":[{"href":"https:\/\/www.jossfritzschule.de\/gs\/wp-json\/wp\/v2\/pages"}],"about":[{"href":"https:\/\/www.jossfritzschule.de\/gs\/wp-json\/wp\/v2\/types\/page"}],"author":[{"embeddable":true,"href":"https:\/\/www.jossfritzschule.de\/gs\/wp-json\/wp\/v2\/users\/3"}],"replies":[{"embeddable":true,"href":"https:\/\/www.jossfritzschule.de\/gs\/wp-json\/wp\/v2\/comments?post=3102"}],"version-history":[{"count":30,"href":"https:\/\/www.jossfritzschule.de\/gs\/wp-json\/wp\/v2\/pages\/3102\/revisions"}],"predecessor-version":[{"id":4568,"href":"https:\/\/www.jossfritzschule.de\/gs\/wp-json\/wp\/v2\/pages\/3102\/revisions\/4568"}],"up":[{"embeddable":true,"href":"https:\/\/www.jossfritzschule.de\/gs\/wp-json\/wp\/v2\/pages\/3097"}],"wp:featuredmedia":[{"embeddable":true,"href":"https:\/\/www.jossfritzschule.de\/gs\/wp-json\/wp\/v2\/media\/4471"}],"wp:attachment":[{"href":"https:\/\/www.jossfritzschule.de\/gs\/wp-json\/wp\/v2\/media?parent=3102"}],"curies":[{"name":"wp","href":"https:\/\/api.w.org\/{rel}","templated":true}]}}