{"id":562,"date":"2019-07-08T13:14:44","date_gmt":"2019-07-08T13:14:44","guid":{"rendered":"https:\/\/wp-test.jossfritzschule.de\/?page_id=562"},"modified":"2024-09-03T11:31:02","modified_gmt":"2024-09-03T11:31:02","slug":"schulwegeplaene","status":"publish","type":"page","link":"https:\/\/www.jossfritzschule.de\/gs\/eltern\/schulwegeplaene\/","title":{"rendered":"Schulwegepl\u00e4ne"},"content":{"rendered":"<section class=\"l-section wpb_row height_small\"><div class=\"l-section-h i-cf\"><div class=\"g-cols vc_row via_flex valign_top type_default stacking_default\"><div class=\"vc_col-sm-12 wpb_column vc_column_container\"><div class=\"vc_column-inner\"><div class=\"wpb_wrapper\"><div class=\"wpb_text_column\"><div class=\"wpb_wrapper\"><h1>Schulwegepl\u00e4ne<\/h1>\n<\/div><\/div><div class=\"w-separator size_medium\"><\/div><div class=\"wpb_text_column\"><div class=\"wpb_wrapper\"><div class=\"csc-textpic-text\">\n<p>Jedes Kind sollte die M\u00f6glichkeit bekommen, zu Fu\u00df sicher zur Schule zu kommen. Das ist sowohl uns als Schule als auch der Stadt Bruchsal ein gro\u00dfes Anliegen.<\/p>\n<p>Nach einer Ortsbegehung durch Delegierte des Ortschaftsrates, des Kollegiums der Jo\u00df-Fritz-Schulen und Elternvertretern wurden manche kritische Ecken in Untergrombach entsch\u00e4rft.<\/p>\n<p>Nun wurden auf einem Plan die sicheren Hauptrouten f\u00fcr Fu\u00dfg\u00e4nger und sichere Radfahrer durch die Verkehrs- und Polizeibeh\u00f6rde Bruchsal festgehalten, die den Eltern zur Orientierung dienen soll<\/p>\n<p>Wir w\u00fcrden uns freuen, wenn noch mehr Kinder zu Fu\u00df, mit dem Roller oder ge\u00fcbte Fahrer auch mit dem Fahrrad zur Schule k\u00e4men!<\/p>\n<\/div>\n<h4><a href=\"https:\/\/www.jossfritzschule.de\/gs\/wp-content\/uploads\/2024\/09\/Schulwegplan-Joss-Fritz-Schulen-Fussgaenger-August-2024.pdf\">Schulwegplan Jo\u00df-Fritz-Schulen &#8211; Fu\u00dfg\u00e4nger &#8211; August 2024<\/a><\/h4>\n<h4>&nbsp;<\/h4>\n<h4><a href=\"https:\/\/www.jossfritzschule.de\/gs\/wp-content\/uploads\/2024\/09\/Schulwegplan-Joss-Fritz-Schulen-Radverkehr-August-2024.pdf\">Schulwegplan Jo\u00df-Fritz-Schulen &#8211; Radverkehr &#8211; August 2024<\/a><\/h4>\n<p>&nbsp;<\/p>\n<\/div><\/div><div class=\"w-image align_none\"><div class=\"w-image-h\"><img loading=\"lazy\" decoding=\"async\" width=\"1024\" height=\"805\" src=\"https:\/\/www.jossfritzschule.de\/gs\/wp-content\/uploads\/2024\/03\/elterntaxis-1024x805.jpg\" class=\"attachment-large size-large\" alt=\"\" srcset=\"https:\/\/www.jossfritzschule.de\/gs\/wp-content\/uploads\/2024\/03\/elterntaxis-1024x805.jpg 1024w, https:\/\/www.jossfritzschule.de\/gs\/wp-content\/uploads\/2024\/03\/elterntaxis-300x236.jpg 300w, https:\/\/www.jossfritzschule.de\/gs\/wp-content\/uploads\/2024\/03\/elterntaxis.jpg 1272w\" sizes=\"auto, (max-width: 1024px) 100vw, 1024px\" \/><\/div><\/div><\/div><\/div><\/div><\/div><\/div><\/section>\n","protected":false},"excerpt":{"rendered":"Schulwegepl\u00e4ne Jedes Kind sollte die M\u00f6glichkeit bekommen, zu Fu\u00df sicher zur Schule zu kommen. Das ist sowohl uns als Schule als auch der Stadt Bruchsal ein gro\u00dfes Anliegen. Nach einer Ortsbegehung durch Delegierte des Ortschaftsrates, des Kollegiums der Jo\u00df-Fritz-Schulen und Elternvertretern wurden manche kritische Ecken in Untergrombach entsch\u00e4rft. Nun wurden auf einem Plan die sicheren...","protected":false},"author":2,"featured_media":0,"parent":253,"menu_order":440,"comment_status":"closed","ping_status":"closed","template":"","meta":{"ngg_post_thumbnail":0,"footnotes":""},"class_list":["post-562","page","type-page","status-publish","hentry"],"post_mailing_queue_ids":[],"_links":{"self":[{"href":"https:\/\/www.jossfritzschule.de\/gs\/wp-json\/wp\/v2\/pages\/562","targetHints":{"allow":["GET"]}}],"collection":[{"href":"https:\/\/www.jossfritzschule.de\/gs\/wp-json\/wp\/v2\/pages"}],"about":[{"href":"https:\/\/www.jossfritzschule.de\/gs\/wp-json\/wp\/v2\/types\/page"}],"author":[{"embeddable":true,"href":"https:\/\/www.jossfritzschule.de\/gs\/wp-json\/wp\/v2\/users\/2"}],"replies":[{"embeddable":true,"href":"https:\/\/www.jossfritzschule.de\/gs\/wp-json\/wp\/v2\/comments?post=562"}],"version-history":[{"count":13,"href":"https:\/\/www.jossfritzschule.de\/gs\/wp-json\/wp\/v2\/pages\/562\/revisions"}],"predecessor-version":[{"id":3759,"href":"https:\/\/www.jossfritzschule.de\/gs\/wp-json\/wp\/v2\/pages\/562\/revisions\/3759"}],"up":[{"embeddable":true,"href":"https:\/\/www.jossfritzschule.de\/gs\/wp-json\/wp\/v2\/pages\/253"}],"wp:attachment":[{"href":"https:\/\/www.jossfritzschule.de\/gs\/wp-json\/wp\/v2\/media?parent=562"}],"curies":[{"name":"wp","href":"https:\/\/api.w.org\/{rel}","templated":true}]}}