{"id":79,"date":"2019-01-03T11:24:25","date_gmt":"2019-01-03T11:24:25","guid":{"rendered":"https:\/\/wp-test.jossfritzschule.de\/?page_id=79"},"modified":"2023-03-08T16:19:44","modified_gmt":"2023-03-08T16:19:44","slug":"joss-fritz","status":"publish","type":"page","link":"https:\/\/www.jossfritzschule.de\/gs\/schule\/joss-fritz\/","title":{"rendered":"Jo\u00df Fritz"},"content":{"rendered":"<section class=\"l-section wpb_row height_small\"><div class=\"l-section-h i-cf\"><div class=\"g-cols vc_row via_flex valign_top type_default stacking_default\"><div class=\"vc_col-sm-12 wpb_column vc_column_container\"><div class=\"vc_column-inner\"><div class=\"wpb_wrapper\"><\/div><\/div><\/div><\/div><\/div><\/section><section class=\"l-section wpb_row height_small\"><div class=\"l-section-h i-cf\"><div class=\"g-cols vc_row via_flex valign_top type_default stacking_default\"><div class=\"vc_col-sm-12 wpb_column vc_column_container\"><div class=\"vc_column-inner\"><div class=\"wpb_wrapper\"><div class=\"wpb_text_column\"><div class=\"wpb_wrapper\"><p><img loading=\"lazy\" decoding=\"async\" class=\"alignleft wp-image-80 size-medium\" src=\"https:\/\/www.jossfritzschule.de\/gs\/wp-content\/uploads\/2019\/01\/Joss-Fritz-236x300.jpg\" alt=\"\" width=\"236\" height=\"300\" srcset=\"https:\/\/www.jossfritzschule.de\/gs\/wp-content\/uploads\/2019\/01\/Joss-Fritz-236x300.jpg 236w, https:\/\/www.jossfritzschule.de\/gs\/wp-content\/uploads\/2019\/01\/Joss-Fritz.jpg 285w\" sizes=\"auto, (max-width: 236px) 100vw, 236px\" \/><\/p>\n<p>Eine der&nbsp;herausragenden Gestalten des Bauernkrieges ist der Organisator dreier Bundschuh-Aufst\u00e4nde. Sein Geburtsort Untergrombach will dem Revolution\u00e4r aus unserer Region nun ein ganzes Gedenkjahr widmen, und der Bruchsaler Oberb\u00fcrgermeister Doll nannte ihn gar einen &#8222;der Urv\u00e4ter von Demokratie und Freiheit.&#8220;<\/p>\n<p>Der nebenstehende Stich wurde auch als Vorlage f\u00fcr das neue Logo der Jo\u00df-Fritz-Schule genutzt.<\/p>\n<p><b>Der Bauernf\u00fchrer Jo\u00df Fritz&nbsp;<\/b><\/p>\n<p>Jo\u00df Fritz wurde um 1470 in Untergrombach bei Bruchsal geboren. Er lernte als Landsknecht die Welt kennen, lesen und schreiben. Nach seiner R\u00fcckkehr konnte er sich nicht mehr an die bestehende Gesellschaftsordnung anpassen, angesichts der gesellschaftlichen und wirtschaftlichen Probleme der armen Landbev\u00f6lkerung (v.a. der Bauern).<\/p>\n<p>In den Jahren 1501 und 1502 war er einer der Initiatoren der Bundschuh-Bewegung in Untergrombach, welches zum Bistum Speyer geh\u00f6rte.<\/p>\n<p><img loading=\"lazy\" decoding=\"async\" class=\"alignright wp-image-82 size-full\" src=\"https:\/\/www.jossfritzschule.de\/gs\/wp-content\/uploads\/2019\/01\/Bundschuhfahne.jpg\" alt=\"\" width=\"148\" height=\"217\"> Die geheimnisumwitterte Bundschuhfahne von Jo\u00df Fritz war nur ein F\u00e4hnlein. Sie galt als Zeichen der Verschw\u00f6rung, er gab sie nie aus der Hand und sie wurde anfangs nur wenigen ausgew\u00e4hlten Personen gezeigt. Selbst der zum F\u00e4hnrich gew\u00e4hlte Jakob Huser musste sich mit einer verbalen Beschreibung des Banners zufrieden geben.<\/p>\n<p><img loading=\"lazy\" decoding=\"async\" class=\"alignleft wp-image-83 size-full\" src=\"https:\/\/www.jossfritzschule.de\/gs\/wp-content\/uploads\/2019\/01\/180px-Joss_Fritz_Holzschnitt_von_Albrecht_Duerer_01.jpg\" alt=\"\" width=\"171\" height=\"171\" srcset=\"https:\/\/www.jossfritzschule.de\/gs\/wp-content\/uploads\/2019\/01\/180px-Joss_Fritz_Holzschnitt_von_Albrecht_Duerer_01.jpg 171w, https:\/\/www.jossfritzschule.de\/gs\/wp-content\/uploads\/2019\/01\/180px-Joss_Fritz_Holzschnitt_von_Albrecht_Duerer_01-150x150.jpg 150w\" sizes=\"auto, (max-width: 171px) 100vw, 171px\" \/>Dreimal \u201ewarf Jo\u00df den Bundschuh auf&#8220;, d.h. er zettelte Aufst\u00e4nde an, deren Losung war: \u201eWir k\u00f6nnen von den Pfaffen nit genesen&#8220;: das erste Mal 1502 im Bereich Hochstift Speyer, dann 1513 in Lehen bei Freiburg und schlie\u00dflich 1517 im Elsa\u00df (Rosheim) und Schwarzwald (Kniebis).<\/p>\n<p>Die Aufst\u00e4nde wurden immer wieder durch Verrat vereitelt, was zahllosen Beteiligten das Leben kostete, doch Jo\u00df Fritz konnte jedes Mal fliehen. Das letzte Mal soll er im Winter 1524-25 im Hegau gesehen worden sein.<\/p>\n<\/div><\/div><\/div><\/div><\/div><\/div><\/div><\/section>\n","protected":false},"excerpt":{"rendered":"Eine der&nbsp;herausragenden Gestalten des Bauernkrieges ist der Organisator dreier Bundschuh-Aufst\u00e4nde. Sein Geburtsort Untergrombach will dem Revolution\u00e4r aus unserer Region nun ein ganzes Gedenkjahr widmen, und der Bruchsaler Oberb\u00fcrgermeister Doll nannte ihn gar einen &#8222;der Urv\u00e4ter von Demokratie und Freiheit.&#8220; Der nebenstehende Stich wurde auch als Vorlage f\u00fcr das neue Logo der Jo\u00df-Fritz-Schule genutzt. Der Bauernf\u00fchrer...","protected":false},"author":2,"featured_media":0,"parent":51,"menu_order":110,"comment_status":"closed","ping_status":"closed","template":"","meta":{"ngg_post_thumbnail":0,"footnotes":""},"class_list":["post-79","page","type-page","status-publish","hentry"],"post_mailing_queue_ids":[],"_links":{"self":[{"href":"https:\/\/www.jossfritzschule.de\/gs\/wp-json\/wp\/v2\/pages\/79","targetHints":{"allow":["GET"]}}],"collection":[{"href":"https:\/\/www.jossfritzschule.de\/gs\/wp-json\/wp\/v2\/pages"}],"about":[{"href":"https:\/\/www.jossfritzschule.de\/gs\/wp-json\/wp\/v2\/types\/page"}],"author":[{"embeddable":true,"href":"https:\/\/www.jossfritzschule.de\/gs\/wp-json\/wp\/v2\/users\/2"}],"replies":[{"embeddable":true,"href":"https:\/\/www.jossfritzschule.de\/gs\/wp-json\/wp\/v2\/comments?post=79"}],"version-history":[{"count":10,"href":"https:\/\/www.jossfritzschule.de\/gs\/wp-json\/wp\/v2\/pages\/79\/revisions"}],"predecessor-version":[{"id":2688,"href":"https:\/\/www.jossfritzschule.de\/gs\/wp-json\/wp\/v2\/pages\/79\/revisions\/2688"}],"up":[{"embeddable":true,"href":"https:\/\/www.jossfritzschule.de\/gs\/wp-json\/wp\/v2\/pages\/51"}],"wp:attachment":[{"href":"https:\/\/www.jossfritzschule.de\/gs\/wp-json\/wp\/v2\/media?parent=79"}],"curies":[{"name":"wp","href":"https:\/\/api.w.org\/{rel}","templated":true}]}}