{"id":90,"date":"2019-01-03T12:36:03","date_gmt":"2019-01-03T12:36:03","guid":{"rendered":"https:\/\/wp-test.jossfritzschule.de\/?page_id=90"},"modified":"2025-10-26T14:44:04","modified_gmt":"2025-10-26T14:44:04","slug":"aktuelles","status":"publish","type":"page","link":"https:\/\/www.jossfritzschule.de\/gs\/aktuelles\/","title":{"rendered":"Aktuelles"},"content":{"rendered":"<section class=\"l-section wpb_row height_small\"><div class=\"l-section-h i-cf\"><div class=\"g-cols vc_row via_flex valign_top type_default stacking_default\"><div class=\"vc_col-sm-12 wpb_column vc_column_container\"><div class=\"vc_column-inner\"><div class=\"wpb_wrapper\"><div class=\"wpb_text_column\"><div class=\"wpb_wrapper\"><h2>Aktuelles aus unserem Schulleben<\/h2>\n<\/div><\/div><div class=\"w-grid type_grid layout_24 cols_3 valign_center with_pagination overflow_hidden\" id=\"us_grid_1\" style=\"--gap:1.5rem;\" data-filterable=\"true\"><style>@media (max-width:1024px){#us_grid_1 .w-grid-item{width:50%}}@media (max-width:600px){#us_grid_1 .w-grid-list{margin:0}#us_grid_1 .w-grid-item{width:100%;padding:0;margin-bottom:var(--gap,0px)}}.layout_24 .w-grid-item-h{}<\/style><div class=\"w-grid-list\">\t<article class=\"w-grid-item size_1x1 post-4707 post type-post status-publish format-standard has-post-thumbnail hentry category-uncategorized\" data-id=\"4707\">\r\n\t\t<div class=\"w-grid-item-h\">\r\n\t\t\t\t\t\t<div class=\"w-post-elm post_image usg_post_image_1 stretched\"><a href=\"https:\/\/www.jossfritzschule.de\/gs\/2026\/04\/ein-zauberhafter-opern-vormittag-an-unserer-schule\/\" aria-label=\"Ein zauberhafter Opern-Vormittag an unserer Schule\"><img loading=\"lazy\" decoding=\"async\" width=\"300\" height=\"225\" src=\"https:\/\/www.jossfritzschule.de\/gs\/wp-content\/uploads\/2026\/04\/threema-20260411-221152570.jpg-300x225.jpeg\" class=\"attachment-medium size-medium wp-post-image\" alt=\"\" srcset=\"https:\/\/www.jossfritzschule.de\/gs\/wp-content\/uploads\/2026\/04\/threema-20260411-221152570.jpg-300x225.jpeg 300w, https:\/\/www.jossfritzschule.de\/gs\/wp-content\/uploads\/2026\/04\/threema-20260411-221152570.jpg-1024x768.jpeg 1024w, https:\/\/www.jossfritzschule.de\/gs\/wp-content\/uploads\/2026\/04\/threema-20260411-221152570.jpg.jpeg 1600w\" sizes=\"auto, (max-width: 300px) 100vw, 300px\" \/><\/a><\/div><h4 class=\"w-post-elm post_title usg_post_title_1 entry-title color_link_inherit\"><a href=\"https:\/\/www.jossfritzschule.de\/gs\/2026\/04\/ein-zauberhafter-opern-vormittag-an-unserer-schule\/\">Ein zauberhafter Opern-Vormittag an unserer Schule<\/a><\/h4><time class=\"w-post-elm post_date usg_post_date_1 entry-date published\" datetime=\"2026-04-11T20:30:25+00:00\">11. April 2026<\/time>\t\t<\/div>\r\n\t<\/article>\r\n\t<article class=\"w-grid-item size_1x1 post-4694 post type-post status-publish format-standard has-post-thumbnail hentry category-uncategorized\" data-id=\"4694\">\r\n\t\t<div class=\"w-grid-item-h\">\r\n\t\t\t\t\t\t<div class=\"w-post-elm post_image usg_post_image_1 stretched\"><a href=\"https:\/\/www.jossfritzschule.de\/gs\/2026\/03\/theater-in-der-turnhalle-hey-hey-hey-taxi-zu-besuch\/\" aria-label=\"Theater in der Turnhalle: \u201eHey, hey, hey Taxi!\u201c zu Besuch\"><img loading=\"lazy\" decoding=\"async\" width=\"300\" height=\"225\" src=\"https:\/\/www.jossfritzschule.de\/gs\/wp-content\/uploads\/2026\/03\/image-20260316-100845-015-300x225.jpeg\" class=\"attachment-medium size-medium wp-post-image\" alt=\"\" srcset=\"https:\/\/www.jossfritzschule.de\/gs\/wp-content\/uploads\/2026\/03\/image-20260316-100845-015-300x225.jpeg 300w, https:\/\/www.jossfritzschule.de\/gs\/wp-content\/uploads\/2026\/03\/image-20260316-100845-015-1024x768.jpeg 1024w, https:\/\/www.jossfritzschule.de\/gs\/wp-content\/uploads\/2026\/03\/image-20260316-100845-015.jpeg 1600w\" sizes=\"auto, (max-width: 300px) 100vw, 300px\" \/><\/a><\/div><h4 class=\"w-post-elm post_title usg_post_title_1 entry-title color_link_inherit\"><a href=\"https:\/\/www.jossfritzschule.de\/gs\/2026\/03\/theater-in-der-turnhalle-hey-hey-hey-taxi-zu-besuch\/\">Theater in der Turnhalle: \u201eHey, hey, hey Taxi!\u201c zu Besuch<\/a><\/h4><time class=\"w-post-elm post_date usg_post_date_1 entry-date published\" datetime=\"2026-03-19T20:18:08+00:00\">19. M\u00e4rz 2026<\/time>\t\t<\/div>\r\n\t<\/article>\r\n\t<article class=\"w-grid-item size_1x1 post-4673 post type-post status-publish format-standard has-post-thumbnail hentry category-uncategorized\" data-id=\"4673\">\r\n\t\t<div class=\"w-grid-item-h\">\r\n\t\t\t\t\t\t<div class=\"w-post-elm post_image usg_post_image_1 stretched\"><a href=\"https:\/\/www.jossfritzschule.de\/gs\/2026\/02\/winterzauber-im-seniorenheim-bundschuh\/\" aria-label=\"Winterzauber im Seniorenheim Bundschuh\"><img loading=\"lazy\" decoding=\"async\" width=\"225\" height=\"300\" src=\"https:\/\/www.jossfritzschule.de\/gs\/wp-content\/uploads\/2026\/02\/IMG_4297-225x300.jpeg\" class=\"attachment-medium size-medium wp-post-image\" alt=\"\" srcset=\"https:\/\/www.jossfritzschule.de\/gs\/wp-content\/uploads\/2026\/02\/IMG_4297-225x300.jpeg 225w, https:\/\/www.jossfritzschule.de\/gs\/wp-content\/uploads\/2026\/02\/IMG_4297-768x1024.jpeg 768w, https:\/\/www.jossfritzschule.de\/gs\/wp-content\/uploads\/2026\/02\/IMG_4297-scaled.jpeg 1920w\" sizes=\"auto, (max-width: 225px) 100vw, 225px\" \/><\/a><\/div><h4 class=\"w-post-elm post_title usg_post_title_1 entry-title color_link_inherit\"><a href=\"https:\/\/www.jossfritzschule.de\/gs\/2026\/02\/winterzauber-im-seniorenheim-bundschuh\/\">Winterzauber im Seniorenheim Bundschuh<\/a><\/h4><time class=\"w-post-elm post_date usg_post_date_1 entry-date published\" datetime=\"2026-02-27T22:03:03+00:00\">27. Februar 2026<\/time>\t\t<\/div>\r\n\t<\/article>\r\n\t<article class=\"w-grid-item size_1x1 post-4669 post type-post status-publish format-standard has-post-thumbnail hentry category-uncategorized\" data-id=\"4669\">\r\n\t\t<div class=\"w-grid-item-h\">\r\n\t\t\t\t\t\t<div class=\"w-post-elm post_image usg_post_image_1 stretched\"><a href=\"https:\/\/www.jossfritzschule.de\/gs\/2026\/02\/nistkastenbau-mit-der-waldbox\/\" aria-label=\"Nistkastenbau mit der Waldbox\"><img loading=\"lazy\" decoding=\"async\" width=\"300\" height=\"105\" src=\"https:\/\/www.jossfritzschule.de\/gs\/wp-content\/uploads\/2026\/02\/IMG_0850_1-300x105.jpg\" class=\"attachment-medium size-medium wp-post-image\" alt=\"\" srcset=\"https:\/\/www.jossfritzschule.de\/gs\/wp-content\/uploads\/2026\/02\/IMG_0850_1-300x105.jpg 300w, https:\/\/www.jossfritzschule.de\/gs\/wp-content\/uploads\/2026\/02\/IMG_0850_1-1024x359.jpg 1024w\" sizes=\"auto, (max-width: 300px) 100vw, 300px\" \/><\/a><\/div><h4 class=\"w-post-elm post_title usg_post_title_1 entry-title color_link_inherit\"><a href=\"https:\/\/www.jossfritzschule.de\/gs\/2026\/02\/nistkastenbau-mit-der-waldbox\/\">Nistkastenbau mit der Waldbox<\/a><\/h4><time class=\"w-post-elm post_date usg_post_date_1 entry-date published\" datetime=\"2026-02-27T22:00:13+00:00\">27. Februar 2026<\/time>\t\t<\/div>\r\n\t<\/article>\r\n\t<article class=\"w-grid-item size_1x1 post-4634 post type-post status-publish format-standard has-post-thumbnail hentry category-uncategorized\" data-id=\"4634\">\r\n\t\t<div class=\"w-grid-item-h\">\r\n\t\t\t\t\t\t<div class=\"w-post-elm post_image usg_post_image_1 stretched\"><a href=\"https:\/\/www.jossfritzschule.de\/gs\/2026\/02\/emotionaler-abschied-nach-50-dienstjahren\/\" aria-label=\"Emotionaler Abschied nach 50 Dienstjahren\"><img loading=\"lazy\" decoding=\"async\" width=\"300\" height=\"227\" src=\"https:\/\/www.jossfritzschule.de\/gs\/wp-content\/uploads\/2026\/02\/Verabschiedung-Belz-2026-10-300x227.jpg\" class=\"attachment-medium size-medium wp-post-image\" alt=\"\" srcset=\"https:\/\/www.jossfritzschule.de\/gs\/wp-content\/uploads\/2026\/02\/Verabschiedung-Belz-2026-10-300x227.jpg 300w, https:\/\/www.jossfritzschule.de\/gs\/wp-content\/uploads\/2026\/02\/Verabschiedung-Belz-2026-10-1024x775.jpg 1024w, https:\/\/www.jossfritzschule.de\/gs\/wp-content\/uploads\/2026\/02\/Verabschiedung-Belz-2026-10.jpg 1200w\" sizes=\"auto, (max-width: 300px) 100vw, 300px\" \/><\/a><\/div><h4 class=\"w-post-elm post_title usg_post_title_1 entry-title color_link_inherit\"><a href=\"https:\/\/www.jossfritzschule.de\/gs\/2026\/02\/emotionaler-abschied-nach-50-dienstjahren\/\">Emotionaler Abschied nach 50 Dienstjahren<\/a><\/h4><time class=\"w-post-elm post_date usg_post_date_1 entry-date published\" datetime=\"2026-02-11T19:52:02+00:00\">11. Februar 2026<\/time>\t\t<\/div>\r\n\t<\/article>\r\n\t<article class=\"w-grid-item size_1x1 post-4626 post type-post status-publish format-standard has-post-thumbnail hentry category-uncategorized\" data-id=\"4626\">\r\n\t\t<div class=\"w-grid-item-h\">\r\n\t\t\t\t\t\t<div class=\"w-post-elm post_image usg_post_image_1 stretched\"><a href=\"https:\/\/www.jossfritzschule.de\/gs\/2026\/02\/gesund-leben-mit-allen-sinnen\/\" aria-label=\"Gesund leben mit allen Sinnen\"><img loading=\"lazy\" decoding=\"async\" width=\"300\" height=\"225\" src=\"https:\/\/www.jossfritzschule.de\/gs\/wp-content\/uploads\/2026\/02\/IMG_3593-300x225.jpeg\" class=\"attachment-medium size-medium wp-post-image\" alt=\"\" srcset=\"https:\/\/www.jossfritzschule.de\/gs\/wp-content\/uploads\/2026\/02\/IMG_3593-300x225.jpeg 300w, https:\/\/www.jossfritzschule.de\/gs\/wp-content\/uploads\/2026\/02\/IMG_3593-1024x768.jpeg 1024w\" sizes=\"auto, (max-width: 300px) 100vw, 300px\" \/><\/a><\/div><h4 class=\"w-post-elm post_title usg_post_title_1 entry-title color_link_inherit\"><a href=\"https:\/\/www.jossfritzschule.de\/gs\/2026\/02\/gesund-leben-mit-allen-sinnen\/\">Gesund leben mit allen Sinnen<\/a><\/h4><time class=\"w-post-elm post_date usg_post_date_1 entry-date published\" datetime=\"2026-02-03T19:59:24+00:00\">3. Februar 2026<\/time>\t\t<\/div>\r\n\t<\/article>\r\n\t<article class=\"w-grid-item size_1x1 post-4619 post type-post status-publish format-standard has-post-thumbnail hentry category-uncategorized\" data-id=\"4619\">\r\n\t\t<div class=\"w-grid-item-h\">\r\n\t\t\t\t\t\t<div class=\"w-post-elm post_image usg_post_image_1 stretched\"><a href=\"https:\/\/www.jossfritzschule.de\/gs\/2026\/02\/wer-heute-programmiert-gestaltet-morgen-die-zukunft\/\" aria-label=\"Wer heute programmiert, gestaltet morgen die Zukunft!\"><img loading=\"lazy\" decoding=\"async\" width=\"300\" height=\"212\" src=\"https:\/\/www.jossfritzschule.de\/gs\/wp-content\/uploads\/2026\/02\/IMG_6982-300x212.jpeg\" class=\"attachment-medium size-medium wp-post-image\" alt=\"\" srcset=\"https:\/\/www.jossfritzschule.de\/gs\/wp-content\/uploads\/2026\/02\/IMG_6982-300x212.jpeg 300w, https:\/\/www.jossfritzschule.de\/gs\/wp-content\/uploads\/2026\/02\/IMG_6982-1024x722.jpeg 1024w\" sizes=\"auto, (max-width: 300px) 100vw, 300px\" \/><\/a><\/div><h4 class=\"w-post-elm post_title usg_post_title_1 entry-title color_link_inherit\"><a href=\"https:\/\/www.jossfritzschule.de\/gs\/2026\/02\/wer-heute-programmiert-gestaltet-morgen-die-zukunft\/\">Wer heute programmiert, gestaltet morgen die Zukunft!<\/a><\/h4><time class=\"w-post-elm post_date usg_post_date_1 entry-date published\" datetime=\"2026-02-03T19:51:43+00:00\">3. Februar 2026<\/time>\t\t<\/div>\r\n\t<\/article>\r\n\t<article class=\"w-grid-item size_1x1 post-4607 post type-post status-publish format-standard has-post-thumbnail hentry category-uncategorized\" data-id=\"4607\">\r\n\t\t<div class=\"w-grid-item-h\">\r\n\t\t\t\t\t\t<div class=\"w-post-elm post_image usg_post_image_1 stretched\"><a href=\"https:\/\/www.jossfritzschule.de\/gs\/2026\/01\/bundesfreiwilligendienst-an-unserer-schule\/\" aria-label=\"Bundesfreiwilligendienst an unserer Schule\"><img loading=\"lazy\" decoding=\"async\" width=\"212\" height=\"300\" src=\"https:\/\/www.jossfritzschule.de\/gs\/wp-content\/uploads\/2026\/01\/Ausschreibung-BFD-1-pdf-212x300.jpg\" class=\"attachment-medium size-medium wp-post-image\" alt=\"\" \/><\/a><\/div><h4 class=\"w-post-elm post_title usg_post_title_1 entry-title color_link_inherit\"><a href=\"https:\/\/www.jossfritzschule.de\/gs\/2026\/01\/bundesfreiwilligendienst-an-unserer-schule\/\">Bundesfreiwilligendienst an unserer Schule<\/a><\/h4><time class=\"w-post-elm post_date usg_post_date_1 entry-date published\" datetime=\"2026-01-27T20:14:51+00:00\">27. Januar 2026<\/time>\t\t<\/div>\r\n\t<\/article>\r\n\t<article class=\"w-grid-item size_1x1 post-4596 post type-post status-publish format-standard has-post-thumbnail hentry category-uncategorized\" data-id=\"4596\">\r\n\t\t<div class=\"w-grid-item-h\">\r\n\t\t\t\t\t\t<div class=\"w-post-elm post_image usg_post_image_1 stretched\"><a href=\"https:\/\/www.jossfritzschule.de\/gs\/2026\/01\/mit-der-stadtbahn-nach-bruchsal-zum-theaterstueck-jannik-und-der-sonnendieb-der-blb\/\" aria-label=\"Theaterst\u00fcck Jannik und der Sonnendieb der BLB\u00a0\"><img loading=\"lazy\" decoding=\"async\" width=\"300\" height=\"167\" src=\"https:\/\/www.jossfritzschule.de\/gs\/wp-content\/uploads\/2026\/01\/Banner-300x167.jpg\" class=\"attachment-medium size-medium wp-post-image\" alt=\"\" srcset=\"https:\/\/www.jossfritzschule.de\/gs\/wp-content\/uploads\/2026\/01\/Banner-300x167.jpg 300w, https:\/\/www.jossfritzschule.de\/gs\/wp-content\/uploads\/2026\/01\/Banner-1024x572.jpg 1024w, https:\/\/www.jossfritzschule.de\/gs\/wp-content\/uploads\/2026\/01\/Banner.jpg 1562w\" sizes=\"auto, (max-width: 300px) 100vw, 300px\" \/><\/a><\/div><h4 class=\"w-post-elm post_title usg_post_title_1 entry-title color_link_inherit\"><a href=\"https:\/\/www.jossfritzschule.de\/gs\/2026\/01\/mit-der-stadtbahn-nach-bruchsal-zum-theaterstueck-jannik-und-der-sonnendieb-der-blb\/\">Theaterst\u00fcck Jannik und der Sonnendieb der BLB\u00a0<\/a><\/h4><time class=\"w-post-elm post_date usg_post_date_1 entry-date published\" datetime=\"2026-01-27T19:53:18+00:00\">27. Januar 2026<\/time>\t\t<\/div>\r\n\t<\/article>\r\n\t<article class=\"w-grid-item size_1x1 post-4582 post type-post status-publish format-standard has-post-thumbnail hentry category-uncategorized\" data-id=\"4582\">\r\n\t\t<div class=\"w-grid-item-h\">\r\n\t\t\t\t\t\t<div class=\"w-post-elm post_image usg_post_image_1 stretched\"><a href=\"https:\/\/www.jossfritzschule.de\/gs\/2026\/01\/internet-fuehrerschein-staerkt-medienkompetenz-an-der-joss-fritz-grundschule\/\" aria-label=\"Internet-F\u00fchrerschein st\u00e4rkt Medienkompetenz an der Jo\u00df-Fritz-Grundschule\"><img loading=\"lazy\" decoding=\"async\" width=\"230\" height=\"300\" src=\"https:\/\/www.jossfritzschule.de\/gs\/wp-content\/uploads\/2026\/01\/medienrechte-swr-230x300.jpg\" class=\"attachment-medium size-medium wp-post-image\" alt=\"\" srcset=\"https:\/\/www.jossfritzschule.de\/gs\/wp-content\/uploads\/2026\/01\/medienrechte-swr-230x300.jpg 230w, https:\/\/www.jossfritzschule.de\/gs\/wp-content\/uploads\/2026\/01\/medienrechte-swr.jpg 493w\" sizes=\"auto, (max-width: 230px) 100vw, 230px\" \/><\/a><\/div><h4 class=\"w-post-elm post_title usg_post_title_1 entry-title color_link_inherit\"><a href=\"https:\/\/www.jossfritzschule.de\/gs\/2026\/01\/internet-fuehrerschein-staerkt-medienkompetenz-an-der-joss-fritz-grundschule\/\">Internet-F\u00fchrerschein st\u00e4rkt Medienkompetenz an der Jo\u00df-Fritz-Grundschule<\/a><\/h4><time class=\"w-post-elm post_date usg_post_date_1 entry-date published\" datetime=\"2026-01-20T20:08:56+00:00\">20. Januar 2026<\/time>\t\t<\/div>\r\n\t<\/article>\r\n<\/div><div class=\"w-grid-preloader\"><div class=\"g-preloader type_1\">\r\n\t<div><\/div>\r\n<\/div>\r\n<\/div>\t\t<nav class=\"pagination navigation\" role=\"navigation\">\r\n\t\t\t<div class=\"nav-links\">\r\n\t\t\t\t<span aria-current=\"page\" class=\"page-numbers current\"><span>1<\/span><\/span>\n<a class=\"page-numbers\" href=\"https:\/\/www.jossfritzschule.de\/gs\/wp-json\/wp\/v2\/pages\/90\/page\/2\/\"><span>2<\/span><\/a>\n<a class=\"page-numbers\" href=\"https:\/\/www.jossfritzschule.de\/gs\/wp-json\/wp\/v2\/pages\/90\/page\/3\/\"><span>3<\/span><\/a>\n<a class=\"page-numbers\" href=\"https:\/\/www.jossfritzschule.de\/gs\/wp-json\/wp\/v2\/pages\/90\/page\/4\/\"><span>4<\/span><\/a>\n<span class=\"page-numbers dots\">&hellip;<\/span>\n<a class=\"page-numbers\" href=\"https:\/\/www.jossfritzschule.de\/gs\/wp-json\/wp\/v2\/pages\/90\/page\/21\/\"><span>21<\/span><\/a>\n<a class=\"next page-numbers\" href=\"https:\/\/www.jossfritzschule.de\/gs\/wp-json\/wp\/v2\/pages\/90\/page\/2\/\"><span>Weiter<\/span><\/a>\t\t\t<\/div>\r\n\t\t<\/nav>\r\n\t\t\t<div class=\"w-grid-json hidden\" onclick='return {&quot;action&quot;:&quot;us_ajax_grid&quot;,&quot;ajax_url&quot;:&quot;https:\\\/\\\/www.jossfritzschule.de\\\/gs\\\/wp-admin\\\/admin-ajax.php&quot;,&quot;infinite_scroll&quot;:0,&quot;max_num_pages&quot;:21,&quot;pagination&quot;:&quot;regular&quot;,&quot;permalink_url&quot;:&quot;https:\\\/\\\/www.jossfritzschule.de\\\/gs\\\/wp-json\\\/wp\\\/v2\\\/pages\\\/90&quot;,&quot;template_vars&quot;:{&quot;columns&quot;:&quot;3&quot;,&quot;exclude_items&quot;:&quot;none&quot;,&quot;img_size&quot;:&quot;default&quot;,&quot;ignore_items_size&quot;:0,&quot;items_layout&quot;:&quot;24&quot;,&quot;items_offset&quot;:&quot;1&quot;,&quot;load_animation&quot;:&quot;none&quot;,&quot;overriding_link&quot;:&quot;%7B%22url%22%3A%22%22%7D&quot;,&quot;post_id&quot;:0,&quot;query_args&quot;:{&quot;post_type&quot;:[&quot;post&quot;],&quot;post_status&quot;:[&quot;publish&quot;],&quot;posts_per_page&quot;:&quot;10&quot;},&quot;orderby_query_args&quot;:{&quot;orderby&quot;:{&quot;date&quot;:&quot;DESC&quot;}},&quot;type&quot;:&quot;grid&quot;,&quot;us_grid_ajax_index&quot;:1,&quot;us_grid_filter_params&quot;:null,&quot;us_grid_index&quot;:1,&quot;_us_grid_post_type&quot;:&quot;post&quot;,&quot;page_args&quot;:[]}}'><\/div>\r\n\t<\/div><\/div><\/div><\/div><\/div><\/div><\/section>\n","protected":false},"excerpt":{"rendered":"Internet-F\u00fchrerschein st\u00e4rkt Medienkompetenz an der Jo\u00df-Fritz-Grundschule Die Jo\u00df- Fritz- Grundschule geh\u00f6rt zu den 101 ausgew\u00e4hlten Schulen, die an dem landesweiten Projekt \u201eMedienrechte f\u00fcr Kinder\u201c zur F\u00f6rderung von Medienkompetenz im Grundschulbereich teilnehmen. \u201eMedienrechte f\u00fcr Kinder\u201c ist ein Bildungsprojekt, das vom S\u00fcdwestrundfunk (SWR) mit Partnern wie der Landesanstalt f\u00fcr Kommunikation, dem Landesmedienzentrum BW und weiteren Tr\u00e4gern umgesetzt...","protected":false},"author":2,"featured_media":2662,"parent":0,"menu_order":200,"comment_status":"closed","ping_status":"closed","template":"","meta":{"ngg_post_thumbnail":0,"footnotes":""},"class_list":["post-90","page","type-page","status-publish","has-post-thumbnail","hentry"],"post_mailing_queue_ids":[],"_links":{"self":[{"href":"https:\/\/www.jossfritzschule.de\/gs\/wp-json\/wp\/v2\/pages\/90","targetHints":{"allow":["GET"]}}],"collection":[{"href":"https:\/\/www.jossfritzschule.de\/gs\/wp-json\/wp\/v2\/pages"}],"about":[{"href":"https:\/\/www.jossfritzschule.de\/gs\/wp-json\/wp\/v2\/types\/page"}],"author":[{"embeddable":true,"href":"https:\/\/www.jossfritzschule.de\/gs\/wp-json\/wp\/v2\/users\/2"}],"replies":[{"embeddable":true,"href":"https:\/\/www.jossfritzschule.de\/gs\/wp-json\/wp\/v2\/comments?post=90"}],"version-history":[{"count":40,"href":"https:\/\/www.jossfritzschule.de\/gs\/wp-json\/wp\/v2\/pages\/90\/revisions"}],"predecessor-version":[{"id":4395,"href":"https:\/\/www.jossfritzschule.de\/gs\/wp-json\/wp\/v2\/pages\/90\/revisions\/4395"}],"wp:featuredmedia":[{"embeddable":true,"href":"https:\/\/www.jossfritzschule.de\/gs\/wp-json\/wp\/v2\/media\/2662"}],"wp:attachment":[{"href":"https:\/\/www.jossfritzschule.de\/gs\/wp-json\/wp\/v2\/media?parent=90"}],"curies":[{"name":"wp","href":"https:\/\/api.w.org\/{rel}","templated":true}]}}